 
            
            

{"id":9702,"date":"2021-06-10T20:32:57","date_gmt":"2021-06-10T18:32:57","guid":{"rendered":"https:\/\/www.zaberscompetition.lv\/?page_id=9702"},"modified":"2021-06-10T20:32:57","modified_gmt":"2021-06-10T18:32:57","slug":"egils-silins","status":"publish","type":"page","link":"https:\/\/www.zaberscompetition.lv\/ru\/egils-silins\/","title":{"rendered":"\u041e \u043d\u0430\u0441: Egils Sili\u0146\u0161"},"content":{"rendered":"\n<style type=\"text\/css\" data-created_by=\"avia_inline_auto\" id=\"style-css-av-av_section-6ef14e517a5abf3de2038b87ffebd975\">\n.avia-section.av-av_section-6ef14e517a5abf3de2038b87ffebd975 .av-section-color-overlay{\nopacity:0.7;\nbackground-color:#eeeeee;\n}\n<\/style>\n<div id='av_section_1'  class='avia-section av-av_section-6ef14e517a5abf3de2038b87ffebd975 main_color avia-section-small avia-no-shadow  avia-builder-el-0  el_before_av_layout_row  avia-builder-el-first  avia-bg-style-scroll av-section-color-overlay-active container_wrap fullsize'  ><div class=\"av-section-color-overlay-wrap\"><div class=\"av-section-color-overlay\"><\/div><div class='container av-section-cont-open' ><main  role=\"main\" itemprop=\"mainContentOfPage\"  class='template-page content  av-content-full alpha units'><div class='post-entry post-entry-type-page post-entry-9702'><div class='entry-content-wrapper clearfix'>\n<\/div><\/div><\/main><!-- close content main element --><\/div><\/div><\/div><div id='separate-contact-page'  class='av-layout-grid-container av-nm9lgh-cf254a4b6090ca8fb76a44008dfadb36 entry-content-wrapper main_color av-flex-cells  avia-builder-el-1  el_after_av_section  el_before_av_layout_row  grid-row-not-first  container_wrap fullsize'  >\n\n<style type=\"text\/css\" data-created_by=\"avia_inline_auto\" id=\"style-css-av-lqklz5-ad3cbaabb002634e8026de2e010156b6\">\n.flex_cell.av-lqklz5-ad3cbaabb002634e8026de2e010156b6{\nvertical-align:top;\n}\n.responsive #top #wrap_all .flex_cell.av-lqklz5-ad3cbaabb002634e8026de2e010156b6{\npadding:30px 30px 30px 30px !important;\n}\n<\/style>\n<div class='flex_cell av-lqklz5-ad3cbaabb002634e8026de2e010156b6 av-gridrow-cell av_one_fifth no_margin  avia-builder-el-2  el_before_av_cell_three_fifth  avia-builder-el-first '  ><div class='flex_cell_inner'><\/div><\/div>\n<style type=\"text\/css\" data-created_by=\"avia_inline_auto\" id=\"style-css-av-k2byzl-4d63ca4c8ae4a4c6e1059ccbbce1d9db\">\n.flex_cell.av-k2byzl-4d63ca4c8ae4a4c6e1059ccbbce1d9db{\nvertical-align:top;\n}\n.responsive #top #wrap_all .flex_cell.av-k2byzl-4d63ca4c8ae4a4c6e1059ccbbce1d9db{\npadding:30px 30px 30px 30px !important;\n}\n<\/style>\n<div class='flex_cell av-k2byzl-4d63ca4c8ae4a4c6e1059ccbbce1d9db av-gridrow-cell av_three_fifth no_margin  avia-builder-el-3  el_after_av_cell_one_fifth  el_before_av_cell_one_fifth '  ><div class='flex_cell_inner'><p>\n<style type=\"text\/css\" data-created_by=\"avia_inline_auto\" id=\"style-css-av-iy4s81-0018d24ac2ce879b3bc48a59d1d56b11\">\n.flex_column.av-iy4s81-0018d24ac2ce879b3bc48a59d1d56b11{\nborder-radius:0px 0px 0px 0px;\npadding:0px 0px 0px 0px;\n}\n<\/style>\n<div  class='flex_column av-iy4s81-0018d24ac2ce879b3bc48a59d1d56b11 av_one_third  avia-builder-el-4  el_before_av_two_third  avia-builder-el-first  first flex_column_div av-zero-column-padding  '     ><style type=\"text\/css\" data-created_by=\"avia_inline_auto\" id=\"style-css-av-av_image-7b1eef67662ebfbc77ccdaddb344e43f\">\n.avia-image-container.av-av_image-7b1eef67662ebfbc77ccdaddb344e43f img.avia_image{\nbox-shadow:none;\n}\n.avia-image-container.av-av_image-7b1eef67662ebfbc77ccdaddb344e43f .av-image-caption-overlay-center{\ncolor:#ffffff;\n}\n<\/style>\n<div  class='avia-image-container av-av_image-7b1eef67662ebfbc77ccdaddb344e43f av-styling- avia-align-center  avia-builder-el-5  avia-builder-el-no-sibling '   itemprop=\"image\" itemscope=\"itemscope\" itemtype=\"https:\/\/schema.org\/ImageObject\" ><div class=\"avia-image-container-inner\"><div class=\"avia-image-overlay-wrap\"><img decoding=\"async\" fetchpriority=\"high\" class='wp-image-5417 avia-img-lazy-loading-not-5417 avia_image ' src=\"https:\/\/www.zaberscompetition.lv\/wp-content\/uploads\/2019\/03\/zurija_Egils-Silins.jpg\" alt='' title='Egils Sili\u0146\u0161 (\u017e\u016brija)'  height=\"300\" width=\"300\"  itemprop=\"thumbnailUrl\" srcset=\"https:\/\/www.zaberscompetition.lv\/wp-content\/uploads\/2019\/03\/zurija_Egils-Silins.jpg 300w, https:\/\/www.zaberscompetition.lv\/wp-content\/uploads\/2019\/03\/zurija_Egils-Silins-80x80.jpg 80w, https:\/\/www.zaberscompetition.lv\/wp-content\/uploads\/2019\/03\/zurija_Egils-Silins-36x36.jpg 36w, https:\/\/www.zaberscompetition.lv\/wp-content\/uploads\/2019\/03\/zurija_Egils-Silins-180x180.jpg 180w, https:\/\/www.zaberscompetition.lv\/wp-content\/uploads\/2019\/03\/zurija_Egils-Silins-120x120.jpg 120w\" sizes=\"(max-width: 300px) 100vw, 300px\" \/><\/div><\/div><\/div><\/div>\n<style type=\"text\/css\" data-created_by=\"avia_inline_auto\" id=\"style-css-av-ggr6w1-de7197318aef7132209ad99fcd685d0c\">\n.flex_column.av-ggr6w1-de7197318aef7132209ad99fcd685d0c{\nborder-radius:0px 0px 0px 0px;\npadding:0px 0px 0px 0px;\n}\n<\/style>\n<div  class='flex_column av-ggr6w1-de7197318aef7132209ad99fcd685d0c av_two_third  avia-builder-el-6  el_after_av_one_third  avia-builder-el-last  flex_column_div av-zero-column-padding  '     ><p>\n<style type=\"text\/css\" data-created_by=\"avia_inline_auto\" id=\"style-css-av-av_heading-7071ba89915faf0a3af495d9db8e2e04\">\n#top .av-special-heading.av-av_heading-7071ba89915faf0a3af495d9db8e2e04{\npadding-bottom:10px;\n}\nbody .av-special-heading.av-av_heading-7071ba89915faf0a3af495d9db8e2e04 .av-special-heading-tag .heading-char{\nfont-size:25px;\n}\n.av-special-heading.av-av_heading-7071ba89915faf0a3af495d9db8e2e04 .av-subheading{\nfont-size:15px;\n}\n<\/style>\n<div  class='av-special-heading av-av_heading-7071ba89915faf0a3af495d9db8e2e04 av-special-heading-h3 blockquote modern-quote  avia-builder-el-7  el_before_av_textblock  avia-builder-el-first '><h3 class='av-special-heading-tag'  itemprop=\"headline\"  >\u042d\u0413\u0418\u041b\u0421 \u0421\u0418\u041b\u0418\u041d\u042c\u0428<\/h3><div class=\"special-heading-border\"><div class=\"special-heading-inner-border\"><\/div><\/div><\/div><br \/>\n<section  class='av_textblock_section av-av_textblock-2bd894dbf2e4bf2c4acf98ce4fbf94aa '   itemscope=\"itemscope\" itemtype=\"https:\/\/schema.org\/CreativeWork\" ><div class='avia_textblock'  itemprop=\"text\" ><p>\u0420\u043e\u0434\u0438\u043b\u0441\u044f \u0432 1961\u00a0\u0433\u043e\u0434\u0443 \u0432 \u041b\u0438\u0433\u0430\u0442\u043d\u0435. \u0423\u0447\u0438\u043b\u0441\u044f \u0432 \u0421\u0438\u0433\u0443\u043b\u0434\u0441\u043a\u043e\u0439 \u043c\u0443\u0437\u044b\u043a\u0430\u043b\u044c\u043d\u043e\u0439 \u0448\u043a\u043e\u043b\u0435, \u0433\u0434\u0435 \u0438\u0433\u0440\u0430\u043b \u0432 \u0434\u0443\u0445\u043e\u0432\u043e\u043c \u043e\u0440\u043a\u0435\u0441\u0442\u0440\u0435, \u043f\u043e\u0442\u043e\u043c \u043d\u0430 \u0444\u0430\u043a\u0443\u043b\u044c\u0442\u0435\u0442\u0435 \u0440\u0443\u043a\u043e\u0432\u043e\u0434\u0438\u0442\u0435\u043b\u0435\u0439 \u043e\u0440\u043a\u0435\u0441\u0442\u0440\u043e\u0432 \u0432 \u0420\u0438\u0436\u0441\u043a\u043e\u043c \u0442\u0435\u0445\u043d\u0438\u043a\u0443\u043c\u0435 \u0440\u0430\u0431\u043e\u0442\u043d\u0438\u043a\u043e\u0432 \u043a\u0443\u043b\u044c\u0442\u0443\u0440\u044b, \u0430 \u0437\u0430\u0442\u0435\u043c \u0432 \u0432\u043e\u043a\u0430\u043b\u044c\u043d\u043e\u043c \u043a\u043b\u0430\u0441\u0441\u0435 \u0413\u0443\u0440\u0438\u044f \u0410\u043d\u0442\u0438\u043f\u043e\u0432\u0430 \u0438 \u0432 \u043e\u043f\u0435\u0440\u043d\u043e\u043c \u043a\u043b\u0430\u0441\u0441\u0435 \u041b\u0435\u043e\u043d\u0438\u0434\u0430 \u0412\u0438\u0433\u043d\u0435\u0440\u0430 \u041b\u0430\u0442\u0432\u0438\u0439\u0441\u043a\u043e\u0439 \u043c\u0443\u0437\u044b\u043a\u0430\u043b\u044c\u043d\u043e\u0439 \u0430\u043a\u0430\u0434\u0435\u043c\u0438\u0438 \u0438\u043c. \u042f\u0437\u0435\u043f\u0430 \u0412\u0438\u0442\u043e\u043b\u0441\u0430, \u043e\u0434\u043d\u043e\u0432\u0440\u0435\u043c\u0435\u043d\u043d\u043e \u0440\u0430\u0431\u043e\u0442\u0430\u044f \u0432 \u0413\u043e\u0441\u0443\u0434\u0430\u0440\u0441\u0442\u0432\u0435\u043d\u043d\u043e\u043c \u0430\u043a\u0430\u0434\u0435\u043c\u0438\u0447\u0435\u0441\u043a\u043e\u043c \u0445\u043e\u0440\u0435 \u00ab\u041b\u0430\u0442\u0432\u0438\u044f\u00bb.<\/p>\n<p>\u0412 1988\u00a0\u0433\u043e\u0434\u0443 \u042d\u0433\u0438\u043b\u0441 \u0421\u0438\u043b\u0438\u043d\u044c\u0448 \u0434\u0435\u0431\u044e\u0442\u0438\u0440\u043e\u0432\u0430\u043b \u043d\u0430 \u0441\u0446\u0435\u043d\u0435 \u041b\u0430\u0442\u0432\u0438\u0439\u0441\u043a\u043e\u0439 \u041d\u0430\u0446\u0438\u043e\u043d\u0430\u043b\u044c\u043d\u043e\u0439 \u043e\u043f\u0435\u0440\u044b \u0432 \u0440\u043e\u043b\u0438 \u041c\u0435\u0444\u0438\u0441\u0442\u043e\u0444\u0435\u043b\u044f \u0432 \u043e\u043f\u0435\u0440\u0435 \u0410\u0440\u0440\u0438\u0433\u043e \u0411\u043e\u0439\u0442\u043e \u00ab\u041c\u0435\u0444\u0438\u0441\u0442\u043e\u0444\u0435\u043b\u044c\u00bb. \u041f\u043e\u0437\u0436\u0435 \u0440\u0430\u0431\u043e\u0442\u0430\u043b \u0441\u043e\u043b\u0438\u0441\u0442\u043e\u043c \u0432\u043e \u0424\u0440\u0430\u043d\u043a\u0444\u0443\u0440\u0442\u0441\u043a\u043e\u0439 (1990-1993) \u0438 \u0411\u0430\u0437\u0435\u043b\u044c\u0441\u043a\u043e\u0439 (1993-1996) \u043e\u043f\u0435\u0440\u0430\u0445, \u0432 \u0412\u0435\u043d\u0441\u043a\u043e\u0439 \u0433\u043e\u0441\u0443\u0434\u0430\u0440\u0441\u0442\u0432\u0435\u043d\u043d\u043e\u0439 \u0438 \u0432 \u0412\u0435\u043d\u0441\u043a\u043e\u0439 \u043d\u0430\u0440\u043e\u0434\u043d\u043e\u0439 \u043e\u043f\u0435\u0440\u0435 (1996-2000). \u041c\u0435\u0436\u0434\u0443\u043d\u0430\u0440\u043e\u0434\u043d\u043e\u0435 \u0432\u043d\u0438\u043c\u0430\u043d\u0438\u0435 \u043f\u0435\u0432\u0435\u0446 \u043f\u0440\u0438\u0432\u043b\u0435\u043a \u0432 \u0440\u043e\u043b\u0438 \u041c\u0435\u0444\u0438\u0441\u0442\u043e\u0444\u0435\u043b\u044f \u0432 \u043e\u043f\u0435\u0440\u0435 \u0428\u0430\u0440\u043b\u044f \u0413\u0443\u043d\u043e \u00ab\u0424\u0430\u0443\u0441\u0442\u00bb (1996) \u0438 \u0433\u043b\u0430\u0432\u043d\u043e\u0439 \u0440\u043e\u043b\u044c\u044e \u0432 \u043e\u043f\u0435\u0440\u0435 \u041c\u043e\u0434\u0435\u0441\u0442\u0430 \u041c\u0443\u0441\u043e\u0440\u0433\u0441\u043a\u043e\u0433\u043e \u00ab\u0411\u043e\u0440\u0438\u0441 \u0413\u043e\u0434\u0443\u043d\u043e\u0432\u00bb \u0432 \u0412\u0435\u043d\u0441\u043a\u043e\u0439 \u043d\u0430\u0440\u043e\u0434\u043d\u043e\u0439 \u043e\u043f\u0435\u0440\u0435 (1998). \u0421 2003\u00a0\u0433\u043e\u0434\u0430 \u043e\u043d \u0441\u0442\u0430\u043b \u0438\u043d\u0442\u0435\u0440\u043f\u0440\u0435\u0442\u0430\u0442\u043e\u0440\u043e\u043c \u043c\u0443\u0437\u044b\u043a\u0438 \u0420\u0438\u0445\u0430\u0440\u0434\u0430 \u0412\u0430\u0433\u043d\u0435\u0440\u0430.<\/p>\n<p>\u0421 2000\u00a0\u0433\u043e\u0434\u0430 \u042d\u0433\u0438\u043b\u0441 \u0421\u0438\u043b\u0438\u043d\u044c\u0448 \u0440\u0430\u0431\u043e\u0442\u0430\u0435\u0442 \u0432 \u043a\u0430\u0447\u0435\u0441\u0442\u0432\u0435 \u0432\u043d\u0435\u0448\u0442\u0430\u0442\u043d\u043e\u0433\u043e \u0430\u0440\u0442\u0438\u0441\u0442\u0430, \u0432\u044b\u0441\u0442\u0443\u043f\u0430\u044f \u043d\u0435 \u0442\u043e\u043b\u044c\u043a\u043e \u043d\u0430 \u0441\u0446\u0435\u043d\u0435 \u043c\u0438\u043b\u0430\u043d\u0441\u043a\u043e\u0433\u043e \u00abLa Scala\u00bb, \u043d\u044c\u044e-\u0439\u043e\u0440\u043a\u0441\u043a\u043e\u0433\u043e \u00abMetropolitan Opera\u00bb \u0438 \u043b\u043e\u043d\u0434\u043e\u043d\u0441\u043a\u043e\u0433\u043e \u00abCovent Garden\u00bb, \u043d\u043e \u0438 \u043c\u043d\u043e\u0433\u0438\u0445 \u043a\u0440\u0443\u043f\u043d\u0435\u0439\u0448\u0438\u0445 \u043e\u043f\u0435\u0440\u043d\u044b\u0445 \u0438 \u0444\u0435\u0441\u0442\u0438\u0432\u0430\u043b\u044c\u043d\u044b\u0445 \u0441\u0446\u0435\u043d\u0430\u0445 \u043c\u0438\u0440\u0430\u00a0\u2013 \u0432 \u0410\u043c\u0441\u0442\u0435\u0440\u0434\u0430\u043c\u0435, \u0411\u0430\u0440\u0441\u0435\u043b\u043e\u043d\u0435, \u0411\u0435\u0439\u0440\u0443\u0442\u0435, \u0411\u0435\u0440\u043b\u0438\u043d\u0435, \u0411\u0443\u0434\u0430\u043f\u0435\u0448\u0442\u0435, \u0426\u044e\u0440\u0438\u0445\u0435, \u0427\u0438\u043a\u0430\u0433\u043e, \u0414\u044e\u0441\u0441\u0435\u043b\u044c\u0434\u043e\u0440\u0444\u0435, \u0414\u0440\u0435\u0437\u0434\u0435\u043d\u0435, \u0413\u043b\u0430\u0439\u043d\u0431\u0443\u0440\u043d\u0435, \u0413\u0430\u043c\u0431\u0443\u0440\u0433\u0435, \u041a\u0435\u043b\u044c\u043d\u0435, \u041b\u0435\u0439\u043f\u0446\u0438\u0433\u0435, \u041c\u0430\u0434\u0440\u0438\u0434\u0435, \u041c\u044e\u043d\u0445\u0435\u043d\u0435, \u041f\u0430\u0440\u0438\u0436\u0435, \u0421\u0430\u0432\u043e\u043d\u043b\u0438\u043d\u043d\u0435, \u0421\u0430\u043d\u043a\u0442-\u041f\u0435\u0442\u0435\u0440\u0431\u0443\u0440\u0433\u0435, \u0422\u043e\u043a\u0438\u043e, \u0422\u043e\u0440\u043e\u043d\u0442\u043e \u0438 \u0432 \u0420\u0438\u0433\u0435. \u0415\u0433\u043e \u0440\u0435\u043f\u0435\u0440\u0442\u0443\u0430\u0440 \u0432\u043a\u043b\u044e\u0447\u0430\u0435\u0442 \u0431\u043e\u043b\u0435\u0435 90-\u0430 \u0440\u043e\u043b\u0435\u0439 \u0432 \u043d\u0435\u043c\u0435\u0446\u043a\u043e\u043c, \u0444\u0440\u0430\u043d\u0446\u0443\u0437\u0441\u043a\u043e\u043c, \u0438\u0442\u0430\u043b\u044c\u044f\u043d\u0441\u043a\u043e\u043c \u0438 \u0440\u0443\u0441\u0441\u043a\u043e\u043c \u043e\u043f\u0435\u0440\u043d\u043e\u043c \u0440\u0435\u043f\u0435\u0440\u0442\u0443\u0430\u0440\u0435. \u0421\u0440\u0435\u0434\u0438 \u043d\u0438\u0445 \u0412\u043e\u0442\u0430\u043d-\u043f\u0443\u0442\u0435\u0448\u0435\u0441\u0442\u0432\u0435\u043d\u043d\u0438\u043a (\u0442\u0435\u0442\u0440\u0430\u043b\u043e\u0433\u0438\u044f \u00ab\u041a\u043e\u043b\u044c\u0446\u043e \u041d\u0438\u0431\u0435\u043b\u0443\u043d\u0433\u0430\u00bb), \u041a\u043b\u0438\u043d\u0433\u0437\u043e\u0440 \u0438 \u0410\u043c\u0444\u043e\u0440\u0442\u0430\u0441 (\u00ab\u041f\u0430\u0440\u0441\u0438\u0444\u0430\u043b\u044c\u00bb), \u0422\u0435\u043b\u044c\u0440\u0430\u043c\u0443\u043d\u0434 (\u00ab\u041b\u0435\u043e\u043d\u0433\u0440\u0438\u043d\u00bb) \u0438 \u0433\u043b\u0430\u0432\u043d\u0430\u044f \u0440\u043e\u043b\u044c \u0432 \u00ab\u041b\u0435\u0442\u0443\u0447\u0435\u043c \u0433\u043e\u043b\u043b\u0430\u043d\u0434\u0446\u0435\u00bb \u0420\u0438\u0445\u0430\u0440\u0434\u0430 \u0412\u0430\u0433\u043d\u0435\u0440\u0430, \u0430 \u0442\u0430\u043a\u0436\u0435 \u0418\u043e\u043a\u0430\u043d\u0430\u0430\u043d (\u00ab\u0421\u043e\u043b\u043e\u043c\u0435\u044f\u00bb), \u041e\u0440\u0435\u0441\u0442 (\u00ab\u042d\u043b\u0435\u043a\u0442\u0440\u0430\u00bb) \u0438 \u041c\u0430\u043d\u0434\u0440\u044b\u043a\u0430 (\u00ab\u0410\u0440\u0430\u0431\u0435\u043b\u043b\u0430\u00bb) \u0420\u0438\u0445\u0430\u0440\u0434\u0430 \u0428\u0442\u0440\u0430\u0443\u0441\u0430, \u0434\u043e\u043d \u041f\u0438\u0441\u0430\u0440\u0440\u043e (\u00ab\u0424\u0438\u0434\u0435\u043b\u0438\u043e\u00bb) \u041b\u044e\u0434\u0432\u0438\u0433\u0430 \u0432\u0430\u043d \u0411\u0435\u0442\u0445\u043e\u0432\u0435\u043d\u0430, \u041c\u0435\u0444\u0438\u0441\u0442\u043e\u0444\u0435\u043b\u044c (\u00ab\u0424\u0430\u0443\u0441\u0442\u00bb) \u0428\u0430\u0440\u043b\u044f \u0413\u0443\u043d\u043e, \u0426\u0443\u043d\u0438\u0433\u0430 \u0438 \u042d\u0441\u043a\u0430\u043c\u0438\u043b\u044c\u043e (\u00ab\u041a\u0430\u0440\u043c\u0435\u043d\u00bb) \u0416\u043e\u0440\u0436\u0430 \u0411\u0438\u0437\u0435, \u0441\u044d\u0440 \u0414\u0436\u043e\u0440\u0434\u0436 \u0423\u043e\u043b\u0442\u043e\u043d (\u00ab\u041f\u0443\u0440\u0438\u0442\u0430\u043d\u0435\u00bb) \u0438 \u0433\u0440\u0430\u0444 \u0420\u043e\u0434\u043e\u043b\u044c\u0444\u043e (\u00ab\u0421\u043e\u043c\u043d\u0430\u043c\u0431\u0443\u043b\u0430\u00bb) \u0412\u0438\u043d\u0447\u0435\u043d\u0446\u043e \u0411\u0435\u043b\u043b\u0438\u043d\u0438, \u0411\u0430\u0437\u0438\u043b\u0438\u043e (\u00ab\u0421\u0435\u0432\u0438\u043b\u044c\u0441\u043a\u0438\u0439 \u0446\u0438\u0440\u0443\u043b\u044c\u043d\u0438\u043a\u00bb) \u0414\u0436\u043e\u0430\u043a\u043a\u0438\u043d\u043e \u0420\u043e\u0441\u0441\u0438\u043d\u0438, \u0421\u043a\u0430\u0440\u043f\u0438\u044f (\u00ab\u0422\u043e\u0441\u043a\u0430\u00bb) \u0414\u0436\u0430\u043a\u043e\u043c\u043e \u041f\u0443\u0447\u0447\u0438\u043d\u0438, \u0416\u0435\u0440\u043c\u043e\u043d (\u00ab\u0422\u0440\u0430\u0432\u0438\u0430\u0442\u0430\u00bb), \u042f\u0433\u043e (\u00ab\u041e\u0442\u0435\u043b\u043b\u043e\u00bb), \u0412\u0435\u043b\u0438\u043a\u0438\u0439 \u0438\u043d\u043a\u0432\u0438\u0437\u0438\u0442\u043e\u0440 (\u00ab\u0414\u043e\u043d \u041a\u0430\u0440\u043b\u043e\u0441\u00bb), \u0434\u0435 \u0421\u0438\u043b\u044c\u0432\u0430 (\u00ab\u042d\u0440\u043d\u0430\u043d\u0438\u00bb) \u0438 \u041f\u0440\u043e\u0447\u0438\u0434\u0430 (\u00ab\u0421\u0438\u0446\u0438\u043b\u0438\u0439\u0441\u043a\u0430\u044f \u0432\u0435\u0447\u0435\u0440\u043d\u044f\u00bb) \u0414\u0436\u0443\u0437\u0435\u043f\u043f\u0435 \u0412\u0435\u0440\u0434\u0438, \u0430 \u0442\u0430\u043a\u0436\u0435 \u0437\u0430\u0433\u043b\u0430\u0432\u043d\u044b\u0435 \u043f\u0430\u0440\u0442\u0438\u0438 \u0432 \u043e\u043f\u0435\u0440\u0430\u0445 \u00ab\u0415\u0432\u0433\u0435\u043d\u0438\u0439 \u041e\u043d\u0435\u0433\u0438\u043d\u00bb \u041f\u0435\u0442\u0440\u0430 \u0418\u043b\u044c\u0438\u0447\u0430 \u0427\u0430\u0439\u043a\u043e\u0432\u0441\u043a\u043e\u0433\u043e, \u00ab\u0414\u0435\u043c\u043e\u043d\u00bb \u0410\u043b\u0435\u043a\u0441\u0430\u043d\u0434\u0440\u0430 \u0420\u0443\u0431\u0438\u043d\u0448\u0442\u0435\u0439\u043d\u0430, \u00ab\u0411\u043e\u0440\u0438\u0441 \u0413\u043e\u0434\u0443\u043d\u043e\u0432\u00bb \u041c\u043e\u0434\u0435\u0441\u0442\u0430 \u041c\u0443\u0441\u043e\u0440\u0433\u0441\u043a\u043e\u0433\u043e \u0438 \u00ab\u041a\u043d\u044f\u0437\u044c \u0418\u0433\u043e\u0440\u044c\u00bb \u0410\u043b\u0435\u043a\u0441\u0430\u043d\u0434\u0440\u0430 \u0411\u043e\u0440\u043e\u0434\u0438\u043d\u0430.<\/p>\n<p>\u042d\u0433\u0438\u043b\u0441 \u0421\u0438\u043b\u0438\u043d\u0441 \u0443\u0441\u043f\u0435\u0448\u043d\u043e \u0441\u043e\u0442\u0440\u0443\u0434\u043d\u0438\u0447\u0430\u043b \u0441 \u0442\u0430\u043a\u0438\u043c\u0438 \u0434\u0438\u0440\u0438\u0436\u0435\u0440\u0430\u043c\u0438, \u043a\u0430\u043a \u041a\u0438\u0440\u0438\u043b\u043b \u041f\u0435\u0442\u0440\u0435\u043d\u043a\u043e, \u041a\u0440\u0438\u0441\u0442\u0438\u0430\u043d \u0422\u0430\u0439\u043b\u0435\u0440, \u0421\u0438\u043c\u043e\u043d\u0430 \u042f\u043d\u0433, \u0424\u0438\u043b\u0438\u043f\u043f \u0414\u0436\u043e\u0440\u0434\u0430\u043d \u0438 \u041c\u0430\u0440\u0435\u043a \u042f\u043d\u043e\u0432\u0441\u043a\u0438\u0439.<\/p>\n<p>\u0412 1996, 2000 \u0438 2015 \u0433\u043e\u0434\u0430\u0445 \u042d\u0433\u0438\u043b\u0441 \u0421\u0438\u043b\u0438\u043d\u044c\u0448 \u043f\u043e\u043b\u0443\u0447\u0438\u043b \u041b\u0430\u0442\u0432\u0438\u0439 \u0432\u044b\u0441\u0448\u0443\u044e \u0433\u043e\u0441\u0443\u0434\u0430\u0440\u0441\u0442\u0432\u0435\u043d\u043d\u0443\u044e \u043d\u0430\u0433\u0440\u0430\u0434\u0443 <a href=\"https:\/\/ru.wikipedia.org\/wiki\/%D0%9B%D0%B0%D1%82%D0%B2%D0%B8%D1%8F\">\u041b\u0430\u0442\u0432\u0438\u0438<\/a> \u0432 \u043e\u0431\u043b\u0430\u0441\u0442\u0438 <a href=\"https:\/\/ru.wikipedia.org\/wiki\/%D0%9C%D1%83%D0%B7%D1%8B%D0%BA%D0%B0\">\u043c\u0443\u0437\u044b\u043a\u0438<\/a>\u00a0\u2013 \u0411\u043e\u043b\u044c\u0448\u0443\u044e \u043c\u0443\u0437\u044b\u043a\u0430\u043b\u044c\u043d\u0443\u044e \u043f\u0440\u0435\u043c\u0438\u044e (Liel\u0101 M\u016bzikas balva), \u0430 \u0432 2008 \u0433\u043e\u0434\u0443 \u0437\u0430 \u0437\u0430\u0441\u043b\u0443\u0433\u0438 \u043f\u0435\u0440\u0435\u0434 \u041b\u0430\u0442\u0432\u0438\u0439\u0441\u043a\u0438\u043c \u0433\u043e\u0441\u0443\u0434\u0430\u0440\u0441\u0442\u0432\u043e\u043c \u0431\u044b\u043b \u043d\u0430\u0433\u0440\u0430\u0436\u0434\u0451\u043d \u041e\u0440\u0434\u0435\u043d\u043e\u043c \u0422\u0440\u0435\u0445 \u0417\u0432\u0435\u0437\u0434.<\/p>\n<\/div><\/section><br \/>\n<section  class='av_textblock_section av-avpr1t-f12648744846a4d6bebdd67889d89848 '   itemscope=\"itemscope\" itemtype=\"https:\/\/schema.org\/CreativeWork\" ><div class='avia_textblock'  itemprop=\"text\" ><\/div><\/section><\/p><\/div><\/p>\n<\/div><\/div>\n<style type=\"text\/css\" data-created_by=\"avia_inline_auto\" id=\"style-css-av-8k7pgh-3d64457ece7130dfc594824a8dffb124\">\n.flex_cell.av-8k7pgh-3d64457ece7130dfc594824a8dffb124{\nvertical-align:top;\n}\n.responsive #top #wrap_all .flex_cell.av-8k7pgh-3d64457ece7130dfc594824a8dffb124{\npadding:30px 30px 30px 30px !important;\n}\n<\/style>\n<div class='flex_cell av-8k7pgh-3d64457ece7130dfc594824a8dffb124 av-gridrow-cell av_one_fifth no_margin  avia-builder-el-10  el_after_av_cell_three_fifth  avia-builder-el-last '  ><div class='flex_cell_inner'><\/div><\/div><\/div><div id='av-layout-grid-2'  class='av-layout-grid-container av-71v1n5-cd71ddf404eb54f4681252f2a926b662 entry-content-wrapper main_color av-flex-cells  avia-builder-el-11  el_after_av_layout_row  avia-builder-el-last  grid-row-not-first  container_wrap fullsize'  >\n\n<style type=\"text\/css\" data-created_by=\"avia_inline_auto\" id=\"style-css-av-5vdc75-badd4db149a72e43bbde2ac3facb45d4\">\n.flex_cell.av-5vdc75-badd4db149a72e43bbde2ac3facb45d4{\nvertical-align:top;\n}\n.responsive #top #wrap_all .flex_cell.av-5vdc75-badd4db149a72e43bbde2ac3facb45d4{\npadding:30px 30px 30px 30px !important;\n}\n<\/style>\n<div class='flex_cell av-5vdc75-badd4db149a72e43bbde2ac3facb45d4 av-gridrow-cell av_one_half no_margin  avia-builder-el-12  el_before_av_cell_one_half  avia-builder-el-first '  ><div class='flex_cell_inner'>\n<\/div><\/div>\n<style type=\"text\/css\" data-created_by=\"avia_inline_auto\" id=\"style-css-av-2okbm9-9a0574bb270708b96f9fc652eef5a195\">\n.flex_cell.av-2okbm9-9a0574bb270708b96f9fc652eef5a195{\nvertical-align:top;\n}\n.responsive #top #wrap_all .flex_cell.av-2okbm9-9a0574bb270708b96f9fc652eef5a195{\npadding:30px 30px 30px 30px !important;\n}\n<\/style>\n<div class='flex_cell av-2okbm9-9a0574bb270708b96f9fc652eef5a195 av-gridrow-cell av_one_half no_margin  avia-builder-el-14  el_after_av_cell_one_half  avia-builder-el-last '  ><div class='flex_cell_inner'><\/div><\/div>\n<\/div><\/p>\n","protected":false},"excerpt":{"rendered":"","protected":false},"author":7,"featured_media":0,"parent":0,"menu_order":0,"comment_status":"closed","ping_status":"closed","template":"","meta":{"_exactmetrics_skip_tracking":false,"_exactmetrics_sitenote_active":false,"_exactmetrics_sitenote_note":"","_exactmetrics_sitenote_category":0,"footnotes":""},"class_list":["post-9702","page","type-page","status-publish","hentry"],"_links":{"self":[{"href":"https:\/\/www.zaberscompetition.lv\/ru\/wp-json\/wp\/v2\/pages\/9702","targetHints":{"allow":["GET"]}}],"collection":[{"href":"https:\/\/www.zaberscompetition.lv\/ru\/wp-json\/wp\/v2\/pages"}],"about":[{"href":"https:\/\/www.zaberscompetition.lv\/ru\/wp-json\/wp\/v2\/types\/page"}],"author":[{"embeddable":true,"href":"https:\/\/www.zaberscompetition.lv\/ru\/wp-json\/wp\/v2\/users\/7"}],"replies":[{"embeddable":true,"href":"https:\/\/www.zaberscompetition.lv\/ru\/wp-json\/wp\/v2\/comments?post=9702"}],"version-history":[{"count":3,"href":"https:\/\/www.zaberscompetition.lv\/ru\/wp-json\/wp\/v2\/pages\/9702\/revisions"}],"predecessor-version":[{"id":11816,"href":"https:\/\/www.zaberscompetition.lv\/ru\/wp-json\/wp\/v2\/pages\/9702\/revisions\/11816"}],"wp:attachment":[{"href":"https:\/\/www.zaberscompetition.lv\/ru\/wp-json\/wp\/v2\/media?parent=9702"}],"curies":[{"name":"wp","href":"https:\/\/api.w.org\/{rel}","templated":true}]}}