 
            
            

{"id":9684,"date":"2019-09-27T19:43:10","date_gmt":"2019-09-27T17:43:10","guid":{"rendered":"https:\/\/www.zaberscompetition.lv\/?page_id=9684"},"modified":"2025-04-03T10:13:54","modified_gmt":"2025-04-03T08:13:54","slug":"juris-grinevics-2","status":"publish","type":"page","link":"https:\/\/www.zaberscompetition.lv\/ru\/juris-grinevics-2\/","title":{"rendered":"\u041e \u043d\u0430\u0441: Juris Gri\u0146\u0113vi\u010ds"},"content":{"rendered":"\n<style type=\"text\/css\" data-created_by=\"avia_inline_auto\" id=\"style-css-av-av_section-6ef14e517a5abf3de2038b87ffebd975\">\n.avia-section.av-av_section-6ef14e517a5abf3de2038b87ffebd975 .av-section-color-overlay{\nopacity:0.7;\nbackground-color:#eeeeee;\n}\n<\/style>\n<div id='av_section_1'  class='avia-section av-av_section-6ef14e517a5abf3de2038b87ffebd975 main_color avia-section-small avia-no-shadow  avia-builder-el-0  el_before_av_layout_row  avia-builder-el-first  avia-bg-style-scroll av-section-color-overlay-active container_wrap fullsize'  ><div class=\"av-section-color-overlay-wrap\"><div class=\"av-section-color-overlay\"><\/div><div class='container av-section-cont-open' ><main  role=\"main\" itemprop=\"mainContentOfPage\"  class='template-page content  av-content-full alpha units'><div class='post-entry post-entry-type-page post-entry-9684'><div class='entry-content-wrapper clearfix'>\n<\/div><\/div><\/main><!-- close content main element --><\/div><\/div><\/div><div id='separate-contact-page'  class='av-layout-grid-container av-nm9lgh-cf254a4b6090ca8fb76a44008dfadb36 entry-content-wrapper main_color av-flex-cells  avia-builder-el-1  el_after_av_section  el_before_av_layout_row  grid-row-not-first  container_wrap fullsize'  >\n\n<style type=\"text\/css\" data-created_by=\"avia_inline_auto\" id=\"style-css-av-lqklz5-ad3cbaabb002634e8026de2e010156b6\">\n.flex_cell.av-lqklz5-ad3cbaabb002634e8026de2e010156b6{\nvertical-align:top;\n}\n.responsive #top #wrap_all .flex_cell.av-lqklz5-ad3cbaabb002634e8026de2e010156b6{\npadding:30px 30px 30px 30px !important;\n}\n<\/style>\n<div class='flex_cell av-lqklz5-ad3cbaabb002634e8026de2e010156b6 av-gridrow-cell av_one_fifth no_margin  avia-builder-el-2  el_before_av_cell_three_fifth  avia-builder-el-first '  ><div class='flex_cell_inner'><\/div><\/div>\n<style type=\"text\/css\" data-created_by=\"avia_inline_auto\" id=\"style-css-av-k2byzl-4d63ca4c8ae4a4c6e1059ccbbce1d9db\">\n.flex_cell.av-k2byzl-4d63ca4c8ae4a4c6e1059ccbbce1d9db{\nvertical-align:top;\n}\n.responsive #top #wrap_all .flex_cell.av-k2byzl-4d63ca4c8ae4a4c6e1059ccbbce1d9db{\npadding:30px 30px 30px 30px !important;\n}\n<\/style>\n<div class='flex_cell av-k2byzl-4d63ca4c8ae4a4c6e1059ccbbce1d9db av-gridrow-cell av_three_fifth no_margin  avia-builder-el-3  el_after_av_cell_one_fifth  el_before_av_cell_one_fifth '  ><div class='flex_cell_inner'><p>\n<style type=\"text\/css\" data-created_by=\"avia_inline_auto\" id=\"style-css-av-iy4s81-0018d24ac2ce879b3bc48a59d1d56b11\">\n.flex_column.av-iy4s81-0018d24ac2ce879b3bc48a59d1d56b11{\nborder-radius:0px 0px 0px 0px;\npadding:0px 0px 0px 0px;\n}\n<\/style>\n<div  class='flex_column av-iy4s81-0018d24ac2ce879b3bc48a59d1d56b11 av_one_third  avia-builder-el-4  el_before_av_two_third  avia-builder-el-first  first flex_column_div av-zero-column-padding  '     ><style type=\"text\/css\" data-created_by=\"avia_inline_auto\" id=\"style-css-av-av_image-9c185c521680f8e53e15f307b08538aa\">\n.avia-image-container.av-av_image-9c185c521680f8e53e15f307b08538aa img.avia_image{\nbox-shadow:none;\n}\n.avia-image-container.av-av_image-9c185c521680f8e53e15f307b08538aa .av-image-caption-overlay-center{\ncolor:#ffffff;\n}\n<\/style>\n<div  class='avia-image-container av-av_image-9c185c521680f8e53e15f307b08538aa av-styling- avia-align-center  avia-builder-el-5  avia-builder-el-no-sibling '   itemprop=\"image\" itemscope=\"itemscope\" itemtype=\"https:\/\/schema.org\/ImageObject\" ><div class=\"avia-image-container-inner\"><div class=\"avia-image-overlay-wrap\"><img decoding=\"async\" fetchpriority=\"high\" class='wp-image-9666 avia-img-lazy-loading-not-9666 avia_image ' src=\"https:\/\/www.zaberscompetition.lv\/wp-content\/uploads\/2019\/09\/Grinevics.jpg\" alt='' title='Grinevics'  height=\"193\" width=\"193\"  itemprop=\"thumbnailUrl\" srcset=\"https:\/\/www.zaberscompetition.lv\/wp-content\/uploads\/2019\/09\/Grinevics.jpg 193w, https:\/\/www.zaberscompetition.lv\/wp-content\/uploads\/2019\/09\/Grinevics-80x80.jpg 80w, https:\/\/www.zaberscompetition.lv\/wp-content\/uploads\/2019\/09\/Grinevics-36x36.jpg 36w, https:\/\/www.zaberscompetition.lv\/wp-content\/uploads\/2019\/09\/Grinevics-180x180.jpg 180w, https:\/\/www.zaberscompetition.lv\/wp-content\/uploads\/2019\/09\/Grinevics-120x120.jpg 120w\" sizes=\"(max-width: 193px) 100vw, 193px\" \/><\/div><\/div><\/div><\/div>\n<style type=\"text\/css\" data-created_by=\"avia_inline_auto\" id=\"style-css-av-ggr6w1-de7197318aef7132209ad99fcd685d0c\">\n.flex_column.av-ggr6w1-de7197318aef7132209ad99fcd685d0c{\nborder-radius:0px 0px 0px 0px;\npadding:0px 0px 0px 0px;\n}\n<\/style>\n<div  class='flex_column av-ggr6w1-de7197318aef7132209ad99fcd685d0c av_two_third  avia-builder-el-6  el_after_av_one_third  avia-builder-el-last  flex_column_div av-zero-column-padding  '     ><p>\n<style type=\"text\/css\" data-created_by=\"avia_inline_auto\" id=\"style-css-av-m912wpd8-d18a3b8dbf2306f9c2a004ad2fbb2f67\">\n#top .av-special-heading.av-m912wpd8-d18a3b8dbf2306f9c2a004ad2fbb2f67{\npadding-bottom:10px;\nfont-size:24px;\n}\nbody .av-special-heading.av-m912wpd8-d18a3b8dbf2306f9c2a004ad2fbb2f67 .av-special-heading-tag .heading-char{\nfont-size:25px;\n}\n#top #wrap_all .av-special-heading.av-m912wpd8-d18a3b8dbf2306f9c2a004ad2fbb2f67 .av-special-heading-tag{\nfont-size:24px;\n}\n.av-special-heading.av-m912wpd8-d18a3b8dbf2306f9c2a004ad2fbb2f67 .av-subheading{\nfont-size:15px;\n}\n\n@media only screen and (min-width: 480px) and (max-width: 767px){ \n#top #wrap_all .av-special-heading.av-m912wpd8-d18a3b8dbf2306f9c2a004ad2fbb2f67 .av-special-heading-tag{\nfont-size:0.8em;\n}\n}\n\n@media only screen and (max-width: 479px){ \n#top #wrap_all .av-special-heading.av-m912wpd8-d18a3b8dbf2306f9c2a004ad2fbb2f67 .av-special-heading-tag{\nfont-size:0.8em;\n}\n}\n<\/style>\n<div  class='av-special-heading av-m912wpd8-d18a3b8dbf2306f9c2a004ad2fbb2f67 av-special-heading-h3 meta-heading blockquote modern-quote  avia-builder-el-7  el_before_av_textblock  avia-builder-el-first  av-inherit-size'><h3 class='av-special-heading-tag'  itemprop=\"headline\"  >\u042e\u0420\u0418\u0421 \u0413\u0420\u0418\u041d\u0415\u0412\u0418\u0427\u0421<\/h3><div class=\"special-heading-border\"><div class=\"special-heading-inner-border\"><\/div><\/div><\/div><br \/>\n<section  class='av_textblock_section av-av_textblock-2bd894dbf2e4bf2c4acf98ce4fbf94aa '   itemscope=\"itemscope\" itemtype=\"https:\/\/schema.org\/CreativeWork\" ><div class='avia_textblock'  itemprop=\"text\" ><\/div><\/section><br \/>\n<section  class='av_textblock_section av-m912x6mz-85d5ff7126756d8a2f147bf433f141ef '   itemscope=\"itemscope\" itemtype=\"https:\/\/schema.org\/CreativeWork\" ><div class='avia_textblock'  itemprop=\"text\" ><h4>\u041b\u0430\u0442\u044b\u0448\u0441\u043a\u0438\u0439 \u043c\u0443\u0437\u044b\u043a\u043e\u0432\u0435\u0434 \u0438 \u043f\u0435\u0434\u0430\u0433\u043e\u0433<\/h4>\n<p>\u0420\u043e\u0434\u0438\u043b\u0441\u044f \u0432 \u0420\u0438\u0433\u0435. \u041e\u043a\u043e\u043d\u0447\u0438\u043b \u043c\u0443\u0437\u044b\u043a\u0430\u043b\u044c\u043d\u044b\u0439 \u043f\u0435\u0434\u0430\u0433\u043e\u0433\u0438\u0447\u0435\u0441\u043a\u0438\u0439 \u0444\u0430\u043a\u0443\u043b\u044c\u0442\u0435\u0442 \u041b\u0430\u0442\u0432\u0438\u0439\u0441\u043a\u043e\u0439 \u0433\u043e\u0441\u0443\u0434\u0430\u0440\u0441\u0442\u0432\u0435\u043d\u043d\u043e\u0439 \u043a\u043e\u043d\u0441\u0435\u0440\u0432\u0430\u0442\u043e\u0440\u0438\u0438 \u0438\u043c. \u042f\u0437\u0435\u043f\u0430 \u0412\u0438\u0442\u043e\u043b\u0441\u0430 (\u043d\u044b\u043d\u0435 \u041c\u0443\u0437\u044b\u043a\u0430\u043b\u044c\u043d\u0430\u044f \u0430\u043a\u0430\u0434\u0435\u043c\u0438\u044f) \u0432 1969. \u0433\u043e\u0434\u0443 \u0438 \u0441\u0440\u0430\u0437\u0443 \u0436\u0435 \u043d\u0430\u0447\u0430\u043b \u0440\u0430\u0431\u043e\u0442\u0430\u0442\u044c \u0432 \u0444\u043e\u043d\u043e\u0442\u0435\u043a\u0435 \u043a\u043e\u043d\u0441\u0435\u0440\u0432\u0430\u0442\u043e\u0440\u0438\u0438.<\/p>\n<p>\u0412 \u0442\u0435\u0447\u0435\u043d\u0438\u0435 \u043d\u0435\u0441\u043a\u043e\u043b\u044c\u043a\u0438\u0445 \u0434\u0435\u0441\u044f\u0442\u0438\u043b\u0435\u0442\u0438\u0439 \u043f\u0440\u0435\u043f\u043e\u0434\u0430\u0432\u0430\u043b \u0440\u0430\u0437\u043b\u0438\u0447\u043d\u044b\u0435 \u043a\u0443\u0440\u0441\u044b \u043f\u043e \u0438\u0441\u0442\u043e\u0440\u0438\u0438 \u043c\u0443\u0437\u044b\u043a\u0438, \u043d\u043e \u0432 \u043e\u0441\u043d\u043e\u0432\u043d\u043e\u043c \u043f\u043e \u043f\u0440\u043e\u0431\u043b\u0435\u043c\u0430\u043c \u0438\u043d\u0442\u0435\u0440\u043f\u0440\u0435\u0442\u0430\u0446\u0438\u0438, \u0432 \u0442\u043e\u043c \u0447\u0438\u0441\u043b\u0435 \u0438 \u0432\u043e\u043a\u0430\u043b\u044c\u043d\u043e\u0433\u043e \u0438\u0441\u043a\u0443\u0441\u0441\u0442\u0432\u0430. \u0421\u0440\u0435\u0434\u0438 \u0435\u0433\u043e \u0443\u0447\u0435\u043d\u0438\u043a\u043e\u0432 \u0431\u044b\u043b\u043e \u043c\u043d\u043e\u0433\u043e \u0438\u0437\u0432\u0435\u0441\u0442\u043d\u044b\u0445 \u043b\u0430\u0442\u044b\u0448\u0441\u043a\u0438\u0445 \u043f\u0435\u0432\u0446\u043e\u0432: \u042d\u0433\u0438\u043b\u0441 \u0421\u0438\u043b\u0438\u043d\u044c\u0448, \u042d\u043b\u0438\u043d\u0430 \u0413\u0430\u0440\u0430\u043d\u0447\u0430, \u041c\u0430\u0439\u044f \u041a\u043e\u0432\u0430\u0435\u0432\u0441\u043a\u0430\u044f \u0438 \u0434\u0440\u0443\u0433\u0438\u0435.<\/p>\n<p>\u041f\u043e\u0447\u0442\u0438 \u0447\u0435\u0442\u0432\u0435\u0440\u043e \u0434\u0435\u0441\u044f\u0442\u0438\u043b\u0435\u0442\u0438\u0439 \u0431\u044b\u043b \u0432\u0435\u0434\u0443\u0449\u0438\u043c \u0440\u0430\u0434\u0438\u043e\u043f\u0435\u0440\u0435\u0434\u0430\u0447 \u041b\u0430\u0442\u0432\u0438\u0439\u0441\u043a\u043e\u0433\u043e \u0440\u0430\u0434\u0438\u043e &#171;\u041a\u043b\u0430\u0441\u0441\u0438\u043a\u0430&#187; \u0438 \u0440\u0430\u0431\u043e\u0442\u0430\u043b \u043e\u0431\u043e\u0437\u0440\u0435\u0432\u0430\u0442\u0435\u043b\u0435\u043c \u0438 \u0430\u0432\u0442\u043e\u0440\u043e\u043c \u043c\u043d\u043e\u0433\u043e\u0447\u0438\u0441\u043b\u0435\u043d\u043d\u044b\u0445 \u043f\u0443\u0431\u043b\u0438\u043a\u0430\u0446\u0438\u0439 \u0432 \u043f\u0440\u0435\u0441\u0441\u0435, \u0432\u043a\u043b\u044e\u0447\u0430\u044f \u0442\u0430\u043a\u0438\u0445 \u043a\u0430\u043a &#171;\u0421\u043e\u043b\u043d\u0446\u0435 \u043c\u0443\u0437\u044b\u043a\u0438&#187;, &#171;\u0421\u0432\u043e\u0431\u043e\u0434\u043d\u0430\u044f \u041b\u0430\u0442\u0432\u0438\u044f&#187;, &#171;\u0412\u0440\u0435\u043c\u044f&#187;.<\/p>\n<p>\u041f\u043e\u0441\u043b\u0435 \u0443\u0445\u043e\u0434\u0430 \u043d\u0430 \u043f\u0435\u043d\u0441\u0438\u044e \u0432 2018 \u0433\u043e\u0434\u0443 \u043f\u0440\u043e\u0434\u043e\u043b\u0436\u0430\u0435\u0442 \u0440\u0430\u0431\u043e\u0442\u0430\u0442\u044c \u043f\u0435\u0434\u0430\u0433\u043e\u0433\u043e\u043c \u0432 \u0441\u0440\u0435\u0434\u043d\u0435\u0439 \u043c\u0443\u0437\u044b\u043a\u0430\u043b\u044c\u043d\u043e\u0439 \u0448\u043a\u043e\u043b\u0435 \u0438\u043c\u0435\u043d\u0438 \u0410\u043b\u044c\u0444\u0440\u0435\u0434\u0430 \u041a\u0430\u043b\u043d\u0438\u043d\u044f \u0432 \u0433\u043e\u0440\u043e\u0434\u0435 \u0426\u0435\u0441\u0438\u0441.<\/p>\n<\/div><\/section><\/p><\/div><\/p>\n<\/div><\/div>\n<style type=\"text\/css\" data-created_by=\"avia_inline_auto\" id=\"style-css-av-8k7pgh-3d64457ece7130dfc594824a8dffb124\">\n.flex_cell.av-8k7pgh-3d64457ece7130dfc594824a8dffb124{\nvertical-align:top;\n}\n.responsive #top #wrap_all .flex_cell.av-8k7pgh-3d64457ece7130dfc594824a8dffb124{\npadding:30px 30px 30px 30px !important;\n}\n<\/style>\n<div class='flex_cell av-8k7pgh-3d64457ece7130dfc594824a8dffb124 av-gridrow-cell av_one_fifth no_margin  avia-builder-el-10  el_after_av_cell_three_fifth  avia-builder-el-last '  ><div class='flex_cell_inner'><\/div><\/div><\/div><div id='av-layout-grid-2'  class='av-layout-grid-container av-71v1n5-cd71ddf404eb54f4681252f2a926b662 entry-content-wrapper main_color av-flex-cells  avia-builder-el-11  el_after_av_layout_row  avia-builder-el-last  grid-row-not-first  container_wrap fullsize'  >\n\n<style type=\"text\/css\" data-created_by=\"avia_inline_auto\" id=\"style-css-av-5vdc75-badd4db149a72e43bbde2ac3facb45d4\">\n.flex_cell.av-5vdc75-badd4db149a72e43bbde2ac3facb45d4{\nvertical-align:top;\n}\n.responsive #top #wrap_all .flex_cell.av-5vdc75-badd4db149a72e43bbde2ac3facb45d4{\npadding:30px 30px 30px 30px !important;\n}\n<\/style>\n<div class='flex_cell av-5vdc75-badd4db149a72e43bbde2ac3facb45d4 av-gridrow-cell av_one_half no_margin  avia-builder-el-12  el_before_av_cell_one_half  avia-builder-el-first '  ><div class='flex_cell_inner'>\n<\/div><\/div>\n<style type=\"text\/css\" data-created_by=\"avia_inline_auto\" id=\"style-css-av-2okbm9-9a0574bb270708b96f9fc652eef5a195\">\n.flex_cell.av-2okbm9-9a0574bb270708b96f9fc652eef5a195{\nvertical-align:top;\n}\n.responsive #top #wrap_all .flex_cell.av-2okbm9-9a0574bb270708b96f9fc652eef5a195{\npadding:30px 30px 30px 30px !important;\n}\n<\/style>\n<div class='flex_cell av-2okbm9-9a0574bb270708b96f9fc652eef5a195 av-gridrow-cell av_one_half no_margin  avia-builder-el-14  el_after_av_cell_one_half  avia-builder-el-last '  ><div class='flex_cell_inner'><\/div><\/div>\n<\/div><\/p>\n","protected":false},"excerpt":{"rendered":"","protected":false},"author":7,"featured_media":0,"parent":0,"menu_order":0,"comment_status":"closed","ping_status":"closed","template":"","meta":{"_exactmetrics_skip_tracking":false,"_exactmetrics_sitenote_active":false,"_exactmetrics_sitenote_note":"","_exactmetrics_sitenote_category":0,"footnotes":""},"class_list":["post-9684","page","type-page","status-publish","hentry"],"_links":{"self":[{"href":"https:\/\/www.zaberscompetition.lv\/ru\/wp-json\/wp\/v2\/pages\/9684","targetHints":{"allow":["GET"]}}],"collection":[{"href":"https:\/\/www.zaberscompetition.lv\/ru\/wp-json\/wp\/v2\/pages"}],"about":[{"href":"https:\/\/www.zaberscompetition.lv\/ru\/wp-json\/wp\/v2\/types\/page"}],"author":[{"embeddable":true,"href":"https:\/\/www.zaberscompetition.lv\/ru\/wp-json\/wp\/v2\/users\/7"}],"replies":[{"embeddable":true,"href":"https:\/\/www.zaberscompetition.lv\/ru\/wp-json\/wp\/v2\/comments?post=9684"}],"version-history":[{"count":5,"href":"https:\/\/www.zaberscompetition.lv\/ru\/wp-json\/wp\/v2\/pages\/9684\/revisions"}],"predecessor-version":[{"id":12462,"href":"https:\/\/www.zaberscompetition.lv\/ru\/wp-json\/wp\/v2\/pages\/9684\/revisions\/12462"}],"wp:attachment":[{"href":"https:\/\/www.zaberscompetition.lv\/ru\/wp-json\/wp\/v2\/media?parent=9684"}],"curies":[{"name":"wp","href":"https:\/\/api.w.org\/{rel}","templated":true}]}}