 
            
            

{"id":9683,"date":"2019-09-27T09:18:09","date_gmt":"2019-09-27T07:18:09","guid":{"rendered":"https:\/\/www.zaberscompetition.lv\/?page_id=9683"},"modified":"2025-04-03T09:50:58","modified_gmt":"2025-04-03T07:50:58","slug":"about-us-juris-grinevics-2","status":"publish","type":"page","link":"https:\/\/www.zaberscompetition.lv\/en\/about-us-juris-grinevics-2\/","title":{"rendered":"About us: Juris Gri\u0146\u0113vi\u010ds"},"content":{"rendered":"\n<style type=\"text\/css\" data-created_by=\"avia_inline_auto\" id=\"style-css-av-av_section-6ef14e517a5abf3de2038b87ffebd975\">\n.avia-section.av-av_section-6ef14e517a5abf3de2038b87ffebd975 .av-section-color-overlay{\nopacity:0.7;\nbackground-color:#eeeeee;\n}\n<\/style>\n<div id='av_section_1'  class='avia-section av-av_section-6ef14e517a5abf3de2038b87ffebd975 main_color avia-section-small avia-no-shadow  avia-builder-el-0  el_before_av_layout_row  avia-builder-el-first  avia-bg-style-scroll av-section-color-overlay-active container_wrap fullsize'  ><div class=\"av-section-color-overlay-wrap\"><div class=\"av-section-color-overlay\"><\/div><div class='container av-section-cont-open' ><main  role=\"main\" itemprop=\"mainContentOfPage\"  class='template-page content  av-content-full alpha units'><div class='post-entry post-entry-type-page post-entry-9683'><div class='entry-content-wrapper clearfix'>\n<\/div><\/div><\/main><!-- close content main element --><\/div><\/div><\/div><div id='separate-contact-page'  class='av-layout-grid-container av-nm9lgh-cf254a4b6090ca8fb76a44008dfadb36 entry-content-wrapper main_color av-flex-cells  avia-builder-el-1  el_after_av_section  el_before_av_layout_row  grid-row-not-first  container_wrap fullsize'  >\n\n<style type=\"text\/css\" data-created_by=\"avia_inline_auto\" id=\"style-css-av-lqklz5-ad3cbaabb002634e8026de2e010156b6\">\n.flex_cell.av-lqklz5-ad3cbaabb002634e8026de2e010156b6{\nvertical-align:top;\n}\n.responsive #top #wrap_all .flex_cell.av-lqklz5-ad3cbaabb002634e8026de2e010156b6{\npadding:30px 30px 30px 30px !important;\n}\n<\/style>\n<div class='flex_cell av-lqklz5-ad3cbaabb002634e8026de2e010156b6 av-gridrow-cell av_one_fifth no_margin  avia-builder-el-2  el_before_av_cell_three_fifth  avia-builder-el-first '  ><div class='flex_cell_inner'><\/div><\/div>\n<style type=\"text\/css\" data-created_by=\"avia_inline_auto\" id=\"style-css-av-k2byzl-4d63ca4c8ae4a4c6e1059ccbbce1d9db\">\n.flex_cell.av-k2byzl-4d63ca4c8ae4a4c6e1059ccbbce1d9db{\nvertical-align:top;\n}\n.responsive #top #wrap_all .flex_cell.av-k2byzl-4d63ca4c8ae4a4c6e1059ccbbce1d9db{\npadding:30px 30px 30px 30px !important;\n}\n<\/style>\n<div class='flex_cell av-k2byzl-4d63ca4c8ae4a4c6e1059ccbbce1d9db av-gridrow-cell av_three_fifth no_margin  avia-builder-el-3  el_after_av_cell_one_fifth  el_before_av_cell_one_fifth '  ><div class='flex_cell_inner'><p>\n<style type=\"text\/css\" data-created_by=\"avia_inline_auto\" id=\"style-css-av-iy4s81-0018d24ac2ce879b3bc48a59d1d56b11\">\n.flex_column.av-iy4s81-0018d24ac2ce879b3bc48a59d1d56b11{\nborder-radius:0px 0px 0px 0px;\npadding:0px 0px 0px 0px;\n}\n<\/style>\n<div  class='flex_column av-iy4s81-0018d24ac2ce879b3bc48a59d1d56b11 av_one_third  avia-builder-el-4  el_before_av_two_third  avia-builder-el-first  first flex_column_div av-zero-column-padding  '     ><style type=\"text\/css\" data-created_by=\"avia_inline_auto\" id=\"style-css-av-av_image-3fa7d8b7ff76b8451520f7eeabaadc4c\">\n.avia-image-container.av-av_image-3fa7d8b7ff76b8451520f7eeabaadc4c img.avia_image{\nbox-shadow:none;\n}\n.avia-image-container.av-av_image-3fa7d8b7ff76b8451520f7eeabaadc4c .av-image-caption-overlay-center{\ncolor:#ffffff;\n}\n<\/style>\n<div  class='avia-image-container av-av_image-3fa7d8b7ff76b8451520f7eeabaadc4c av-styling- avia-align-center  avia-builder-el-5  avia-builder-el-no-sibling '   itemprop=\"image\" itemscope=\"itemscope\" itemtype=\"https:\/\/schema.org\/ImageObject\" ><div class=\"avia-image-container-inner\"><div class=\"avia-image-overlay-wrap\"><img decoding=\"async\" fetchpriority=\"high\" class='wp-image-9665 avia-img-lazy-loading-not-9665 avia_image ' src=\"https:\/\/www.zaberscompetition.lv\/wp-content\/uploads\/2019\/09\/Grinevics.jpg\" alt='' title='Grinevics'  height=\"193\" width=\"193\"  itemprop=\"thumbnailUrl\" srcset=\"https:\/\/www.zaberscompetition.lv\/wp-content\/uploads\/2019\/09\/Grinevics.jpg 193w, https:\/\/www.zaberscompetition.lv\/wp-content\/uploads\/2019\/09\/Grinevics-80x80.jpg 80w, https:\/\/www.zaberscompetition.lv\/wp-content\/uploads\/2019\/09\/Grinevics-36x36.jpg 36w, https:\/\/www.zaberscompetition.lv\/wp-content\/uploads\/2019\/09\/Grinevics-180x180.jpg 180w, https:\/\/www.zaberscompetition.lv\/wp-content\/uploads\/2019\/09\/Grinevics-120x120.jpg 120w\" sizes=\"(max-width: 193px) 100vw, 193px\" \/><\/div><\/div><\/div><\/div>\n<style type=\"text\/css\" data-created_by=\"avia_inline_auto\" id=\"style-css-av-ggr6w1-de7197318aef7132209ad99fcd685d0c\">\n.flex_column.av-ggr6w1-de7197318aef7132209ad99fcd685d0c{\nborder-radius:0px 0px 0px 0px;\npadding:0px 0px 0px 0px;\n}\n<\/style>\n<div  class='flex_column av-ggr6w1-de7197318aef7132209ad99fcd685d0c av_two_third  avia-builder-el-6  el_after_av_one_third  avia-builder-el-last  flex_column_div av-zero-column-padding  '     ><p>\n<style type=\"text\/css\" data-created_by=\"avia_inline_auto\" id=\"style-css-av-m8ztov5d-710c837e2f8aeb377a5011888052d9b7\">\n#top .av-special-heading.av-m8ztov5d-710c837e2f8aeb377a5011888052d9b7{\npadding-bottom:10px;\nfont-size:24px;\n}\nbody .av-special-heading.av-m8ztov5d-710c837e2f8aeb377a5011888052d9b7 .av-special-heading-tag .heading-char{\nfont-size:25px;\n}\n#top #wrap_all .av-special-heading.av-m8ztov5d-710c837e2f8aeb377a5011888052d9b7 .av-special-heading-tag{\nfont-size:24px;\n}\n.av-special-heading.av-m8ztov5d-710c837e2f8aeb377a5011888052d9b7 .av-subheading{\nfont-size:15px;\n}\n\n@media only screen and (min-width: 480px) and (max-width: 767px){ \n#top #wrap_all .av-special-heading.av-m8ztov5d-710c837e2f8aeb377a5011888052d9b7 .av-special-heading-tag{\nfont-size:0.8em;\n}\n}\n\n@media only screen and (max-width: 479px){ \n#top #wrap_all .av-special-heading.av-m8ztov5d-710c837e2f8aeb377a5011888052d9b7 .av-special-heading-tag{\nfont-size:0.8em;\n}\n}\n<\/style>\n<div  class='av-special-heading av-m8ztov5d-710c837e2f8aeb377a5011888052d9b7 av-special-heading-h3 meta-heading blockquote modern-quote  avia-builder-el-7  el_before_av_textblock  avia-builder-el-first  av-inherit-size'><h3 class='av-special-heading-tag'  itemprop=\"headline\"  >JURIS GRINEVICS<\/h3><div class=\"special-heading-border\"><div class=\"special-heading-inner-border\"><\/div><\/div><\/div><br \/>\n<section  class='av_textblock_section av-m8ztpj8c-1f8621f536ba267eb8f91ae42799aa89 '   itemscope=\"itemscope\" itemtype=\"https:\/\/schema.org\/CreativeWork\" ><div class='avia_textblock'  itemprop=\"text\" ><h4 lang=\"lv-LV\" align=\"justify\">Latvian musicologist and educator<\/h4>\n<p lang=\"lv-LV\" align=\"justify\"><span style=\"font-size: large;\"><span style=\"font-size: medium;\">He was born in Riga. In 1969, graduated from the Music Pedagogy Department of J\u0101zeps V\u012btols Latvian State Conservatoire (now the Academy of Music) and soon started work in the Sound Recording Room of the Conservatoire.<\/span><\/span><\/p>\n<p lang=\"lv-LV\" align=\"justify\"><span style=\"font-size: large;\"><span style=\"font-size: medium;\">Many decades taught various courses related to history of music, mainly on interpretation problems, as well as the history of vocal art. There were many Latvian singers among his students who have gained popularity in the world: Eg\u012bls Sili\u0146\u0161, El\u012bna Garan\u010da, Maija Kova\u013cevska and others.<\/span><\/span><\/p>\n<p lang=\"lv-LV\" align=\"justify\"><span style=\"font-size: large;\"><span style=\"font-size: medium;\">Almost 4 decades worked as the program director of Latvian Radio \u201cKlasika\u201d and as the reviewer and writer in various press publications, such as \u201cM\u016bzikas saule\u201d, \u201cBr\u012bv\u0101 Latvija\u201d, \u201cLaiks\u201d.<\/span><\/span><\/p>\n<p lang=\"lv-LV\" align=\"justify\"><span style=\"font-size: large;\"><span style=\"font-size: medium;\">Since retiring in 2018, he continues work as an educator at Alfr\u0113ds Kalni\u0146\u0161 C\u0113sis School of Music.<\/span><\/span><\/p>\n<\/div><\/section><br \/>\n<section  class='av_textblock_section av-avpr1t-f12648744846a4d6bebdd67889d89848 '   itemscope=\"itemscope\" itemtype=\"https:\/\/schema.org\/CreativeWork\" ><div class='avia_textblock'  itemprop=\"text\" ><\/div><\/section><\/p><\/div><\/p>\n<\/div><\/div>\n<style type=\"text\/css\" data-created_by=\"avia_inline_auto\" id=\"style-css-av-8k7pgh-3d64457ece7130dfc594824a8dffb124\">\n.flex_cell.av-8k7pgh-3d64457ece7130dfc594824a8dffb124{\nvertical-align:top;\n}\n.responsive #top #wrap_all .flex_cell.av-8k7pgh-3d64457ece7130dfc594824a8dffb124{\npadding:30px 30px 30px 30px !important;\n}\n<\/style>\n<div class='flex_cell av-8k7pgh-3d64457ece7130dfc594824a8dffb124 av-gridrow-cell av_one_fifth no_margin  avia-builder-el-10  el_after_av_cell_three_fifth  avia-builder-el-last '  ><div class='flex_cell_inner'><\/div><\/div><\/div><div id='av-layout-grid-2'  class='av-layout-grid-container av-71v1n5-cd71ddf404eb54f4681252f2a926b662 entry-content-wrapper main_color av-flex-cells  avia-builder-el-11  el_after_av_layout_row  avia-builder-el-last  grid-row-not-first  container_wrap fullsize'  >\n\n<style type=\"text\/css\" data-created_by=\"avia_inline_auto\" id=\"style-css-av-5vdc75-badd4db149a72e43bbde2ac3facb45d4\">\n.flex_cell.av-5vdc75-badd4db149a72e43bbde2ac3facb45d4{\nvertical-align:top;\n}\n.responsive #top #wrap_all .flex_cell.av-5vdc75-badd4db149a72e43bbde2ac3facb45d4{\npadding:30px 30px 30px 30px !important;\n}\n<\/style>\n<div class='flex_cell av-5vdc75-badd4db149a72e43bbde2ac3facb45d4 av-gridrow-cell av_one_half no_margin  avia-builder-el-12  el_before_av_cell_one_half  avia-builder-el-first '  ><div class='flex_cell_inner'>\n<\/div><\/div>\n<style type=\"text\/css\" data-created_by=\"avia_inline_auto\" id=\"style-css-av-2okbm9-9a0574bb270708b96f9fc652eef5a195\">\n.flex_cell.av-2okbm9-9a0574bb270708b96f9fc652eef5a195{\nvertical-align:top;\n}\n.responsive #top #wrap_all .flex_cell.av-2okbm9-9a0574bb270708b96f9fc652eef5a195{\npadding:30px 30px 30px 30px !important;\n}\n<\/style>\n<div class='flex_cell av-2okbm9-9a0574bb270708b96f9fc652eef5a195 av-gridrow-cell av_one_half no_margin  avia-builder-el-14  el_after_av_cell_one_half  avia-builder-el-last '  ><div class='flex_cell_inner'><\/div><\/div>\n<\/div><\/p>\n","protected":false},"excerpt":{"rendered":"","protected":false},"author":7,"featured_media":0,"parent":0,"menu_order":0,"comment_status":"closed","ping_status":"closed","template":"","meta":{"_exactmetrics_skip_tracking":false,"_exactmetrics_sitenote_active":false,"_exactmetrics_sitenote_note":"","_exactmetrics_sitenote_category":0,"footnotes":""},"class_list":["post-9683","page","type-page","status-publish","hentry"],"_links":{"self":[{"href":"https:\/\/www.zaberscompetition.lv\/en\/wp-json\/wp\/v2\/pages\/9683","targetHints":{"allow":["GET"]}}],"collection":[{"href":"https:\/\/www.zaberscompetition.lv\/en\/wp-json\/wp\/v2\/pages"}],"about":[{"href":"https:\/\/www.zaberscompetition.lv\/en\/wp-json\/wp\/v2\/types\/page"}],"author":[{"embeddable":true,"href":"https:\/\/www.zaberscompetition.lv\/en\/wp-json\/wp\/v2\/users\/7"}],"replies":[{"embeddable":true,"href":"https:\/\/www.zaberscompetition.lv\/en\/wp-json\/wp\/v2\/comments?post=9683"}],"version-history":[{"count":7,"href":"https:\/\/www.zaberscompetition.lv\/en\/wp-json\/wp\/v2\/pages\/9683\/revisions"}],"predecessor-version":[{"id":12441,"href":"https:\/\/www.zaberscompetition.lv\/en\/wp-json\/wp\/v2\/pages\/9683\/revisions\/12441"}],"wp:attachment":[{"href":"https:\/\/www.zaberscompetition.lv\/en\/wp-json\/wp\/v2\/media?parent=9683"}],"curies":[{"name":"wp","href":"https:\/\/api.w.org\/{rel}","templated":true}]}}