 
            
            

{"id":5497,"date":"2019-03-09T17:13:37","date_gmt":"2019-03-09T15:13:37","guid":{"rendered":"https:\/\/www.zaberscompetition.lv\/about-us-edgars-kramins\/"},"modified":"2025-04-03T09:54:59","modified_gmt":"2025-04-03T07:54:59","slug":"about-us-edgars-kramins","status":"publish","type":"page","link":"https:\/\/www.zaberscompetition.lv\/en\/about-us-edgars-kramins\/","title":{"rendered":"About us: Edgars Krami\u0146\u0161"},"content":{"rendered":"\n<style type=\"text\/css\" data-created_by=\"avia_inline_auto\" id=\"style-css-av-av_section-6ef14e517a5abf3de2038b87ffebd975\">\n.avia-section.av-av_section-6ef14e517a5abf3de2038b87ffebd975 .av-section-color-overlay{\nopacity:0.7;\nbackground-color:#eeeeee;\n}\n<\/style>\n<div id='av_section_1'  class='avia-section av-av_section-6ef14e517a5abf3de2038b87ffebd975 main_color avia-section-small avia-no-shadow  avia-builder-el-0  el_before_av_layout_row  avia-builder-el-first  avia-bg-style-scroll av-section-color-overlay-active container_wrap fullsize'  ><div class=\"av-section-color-overlay-wrap\"><div class=\"av-section-color-overlay\"><\/div><div class='container av-section-cont-open' ><main  role=\"main\" itemprop=\"mainContentOfPage\"  class='template-page content  av-content-full alpha units'><div class='post-entry post-entry-type-page post-entry-5497'><div class='entry-content-wrapper clearfix'>\n<\/div><\/div><\/main><!-- close content main element --><\/div><\/div><\/div><div id='separate-contact-page'  class='av-layout-grid-container av-8lhgc-c524623bfc903414445e2ec8620beb77 entry-content-wrapper main_color av-flex-cells  avia-builder-el-1  el_after_av_section  el_before_av_layout_row  grid-row-not-first  container_wrap fullsize'  >\n\n<style type=\"text\/css\" data-created_by=\"avia_inline_auto\" id=\"style-css-av-2a0sek-4759ade926f94481c0ea63db1f6234ae\">\n.flex_cell.av-2a0sek-4759ade926f94481c0ea63db1f6234ae{\nvertical-align:top;\n}\n.responsive #top #wrap_all .flex_cell.av-2a0sek-4759ade926f94481c0ea63db1f6234ae{\npadding:30px 30px 30px 30px !important;\n}\n<\/style>\n<div class='flex_cell av-2a0sek-4759ade926f94481c0ea63db1f6234ae av-gridrow-cell av_one_fifth no_margin  avia-builder-el-2  el_before_av_cell_three_fifth  avia-builder-el-first '  ><div class='flex_cell_inner'><\/div><\/div>\n<style type=\"text\/css\" data-created_by=\"avia_inline_auto\" id=\"style-css-av-21n9gs-751ce05c85e3f662d73f4f1726ba6abb\">\n.flex_cell.av-21n9gs-751ce05c85e3f662d73f4f1726ba6abb{\nvertical-align:top;\n}\n.responsive #top #wrap_all .flex_cell.av-21n9gs-751ce05c85e3f662d73f4f1726ba6abb{\npadding:30px 30px 30px 30px !important;\n}\n<\/style>\n<div class='flex_cell av-21n9gs-751ce05c85e3f662d73f4f1726ba6abb av-gridrow-cell av_three_fifth no_margin  avia-builder-el-3  el_after_av_cell_one_fifth  el_before_av_cell_one_fifth '  ><div class='flex_cell_inner'><p>\n<style type=\"text\/css\" data-created_by=\"avia_inline_auto\" id=\"style-css-av-1uqlb0-0f01abb00708ae9d18349ac3735b6298\">\n.flex_column.av-1uqlb0-0f01abb00708ae9d18349ac3735b6298{\nborder-radius:0px 0px 0px 0px;\npadding:0px 0px 0px 0px;\n}\n<\/style>\n<div  class='flex_column av-1uqlb0-0f01abb00708ae9d18349ac3735b6298 av_one_third  avia-builder-el-4  el_before_av_two_third  avia-builder-el-first  first flex_column_div av-zero-column-padding  '     ><style type=\"text\/css\" data-created_by=\"avia_inline_auto\" id=\"style-css-av-av_image-6d83846a5bb06fa70cbad5b10e664ccd\">\n.avia-image-container.av-av_image-6d83846a5bb06fa70cbad5b10e664ccd img.avia_image{\nbox-shadow:none;\n}\n.avia-image-container.av-av_image-6d83846a5bb06fa70cbad5b10e664ccd .av-image-caption-overlay-center{\ncolor:#ffffff;\n}\n<\/style>\n<div  class='avia-image-container av-av_image-6d83846a5bb06fa70cbad5b10e664ccd av-styling- avia-align-center  avia-builder-el-5  avia-builder-el-no-sibling '   itemprop=\"image\" itemscope=\"itemscope\" itemtype=\"https:\/\/schema.org\/ImageObject\" ><div class=\"avia-image-container-inner\"><div class=\"avia-image-overlay-wrap\"><img decoding=\"async\" fetchpriority=\"high\" class='wp-image-9029 avia-img-lazy-loading-not-9029 avia_image ' src=\"https:\/\/www.zaberscompetition.lv\/wp-content\/uploads\/2019\/03\/foto_Markovskis-2884.jpg\" alt='' title='foto_Markovskis-2884'  height=\"300\" width=\"300\"  itemprop=\"thumbnailUrl\" srcset=\"https:\/\/www.zaberscompetition.lv\/wp-content\/uploads\/2019\/03\/foto_Markovskis-2884.jpg 300w, https:\/\/www.zaberscompetition.lv\/wp-content\/uploads\/2019\/03\/foto_Markovskis-2884-80x80.jpg 80w, https:\/\/www.zaberscompetition.lv\/wp-content\/uploads\/2019\/03\/foto_Markovskis-2884-36x36.jpg 36w, https:\/\/www.zaberscompetition.lv\/wp-content\/uploads\/2019\/03\/foto_Markovskis-2884-180x180.jpg 180w, https:\/\/www.zaberscompetition.lv\/wp-content\/uploads\/2019\/03\/foto_Markovskis-2884-120x120.jpg 120w\" sizes=\"(max-width: 300px) 100vw, 300px\" \/><\/div><\/div><\/div><\/div>\n<style type=\"text\/css\" data-created_by=\"avia_inline_auto\" id=\"style-css-av-1ii3a4-7e2e462262d1777af8b8963892669406\">\n.flex_column.av-1ii3a4-7e2e462262d1777af8b8963892669406{\nborder-radius:0px 0px 0px 0px;\npadding:0px 0px 0px 0px;\n}\n<\/style>\n<div  class='flex_column av-1ii3a4-7e2e462262d1777af8b8963892669406 av_two_third  avia-builder-el-6  el_after_av_one_third  avia-builder-el-last  flex_column_div av-zero-column-padding  '     ><p>\n<style type=\"text\/css\" data-created_by=\"avia_inline_auto\" id=\"style-css-av-m8ztdsbu-79aa000f2accd386ecbfbbc066c822ae\">\n#top .av-special-heading.av-m8ztdsbu-79aa000f2accd386ecbfbbc066c822ae{\npadding-bottom:10px;\nfont-size:24px;\n}\nbody .av-special-heading.av-m8ztdsbu-79aa000f2accd386ecbfbbc066c822ae .av-special-heading-tag .heading-char{\nfont-size:25px;\n}\n#top #wrap_all .av-special-heading.av-m8ztdsbu-79aa000f2accd386ecbfbbc066c822ae .av-special-heading-tag{\nfont-size:24px;\n}\n.av-special-heading.av-m8ztdsbu-79aa000f2accd386ecbfbbc066c822ae .av-subheading{\nfont-size:15px;\n}\n\n@media only screen and (min-width: 480px) and (max-width: 767px){ \n#top #wrap_all .av-special-heading.av-m8ztdsbu-79aa000f2accd386ecbfbbc066c822ae .av-special-heading-tag{\nfont-size:0.8em;\n}\n}\n\n@media only screen and (max-width: 479px){ \n#top #wrap_all .av-special-heading.av-m8ztdsbu-79aa000f2accd386ecbfbbc066c822ae .av-special-heading-tag{\nfont-size:0.8em;\n}\n}\n<\/style>\n<div  class='av-special-heading av-m8ztdsbu-79aa000f2accd386ecbfbbc066c822ae av-special-heading-h3 meta-heading blockquote modern-quote  avia-builder-el-7  el_before_av_textblock  avia-builder-el-first  av-inherit-size'><h3 class='av-special-heading-tag'  itemprop=\"headline\"  >EDGARS KRAMINS<\/h3><div class=\"special-heading-border\"><div class=\"special-heading-inner-border\"><\/div><\/div><\/div><br \/>\n<section  class='av_textblock_section av-m8ztehra-730cdd27bb559c2c36388a5dc9e1a33e '   itemscope=\"itemscope\" itemtype=\"https:\/\/schema.org\/CreativeWork\" ><div class='avia_textblock'  itemprop=\"text\" ><h4 lang=\"lv-LV\" align=\"justify\">Actor and director of musical theater, vocal teacher<\/h4>\n<p lang=\"lv-LV\" align=\"justify\"><span style=\"font-size: large;\"><span style=\"font-size: medium;\">Edgars Krami\u0146\u0161 was born in Leningrad, in 1964. Initially attended the Boys Choir Class at Em\u012bls D\u0101rzi\u0146\u0161 Specialized Music Secondary School (1971-1980), whereas the professional education he obtained during his studies at the Faculty of Musical Theatre, Russian Institute of Theatre Arts (1985-1991), Riga Teacher Training and Educational Management Academy (1996-2000) and the University of Latvia (2000-2004), where in 2005 as a result of presenting his doctoral thesis he was awarded the doctor\u2019s degree in pedagogy.<\/span><\/span><\/p>\n<p lang=\"lv-LV\" align=\"justify\"><span style=\"font-size: large;\"><span style=\"font-size: medium;\">The first decade of his creative activities (1988-1998) is characterized by active concert performances in Latvia, Lithuania, Russia, USA, etc., by stage director\u2019s job at the National Opera, by performing the duties of an actor, director and artistic supervisor of Riga Musical and Poetic Theatre.<\/span><\/span><\/p>\n<p lang=\"lv-LV\" align=\"justify\"><span style=\"font-size: large;\"><span style=\"font-size: medium;\">The second decade (1995-2005) is characterized by art pedagogy in many schools, universities and adult educational centers of Latvia.<\/span><\/span><\/p>\n<p lang=\"lv-LV\" align=\"justify\"><span style=\"font-size: large;\"><span style=\"font-size: medium;\">The third decade (since 2005) is characterized by scientific activities in art pedagogy, where he presents himself as an author of scientific publications and books, MA and doctoral student research supervisor, tutor, reviewer and expert. Edgars Krami\u0146\u0161 has wide working experience as a teacher and as a member of the jury of various competitions in Latvia as well as abroad. He is the author of the monograph \u201cSpeech Skills in Communication\u201d, the handbook \u201cLet Us Speak Clearly, Vividly, Powerfully\u201d. At the same time, he undertakes various duties in social organizations, and is the chairman of the National Teacher\u2019s Union of Latvia since its reestablishment in 2009.<\/span><\/span><\/p>\n<p lang=\"lv-LV\" align=\"justify\"><span style=\"font-size: large;\"><span style=\"font-size: medium;\">Edgars Krami\u0146\u0161 is the chairman of the board of the Cultural Education and Arts Centre &#8220;K\u0101pnes&#8221; (The Stairs), professor of the Vocal Academy. He is also the author of the idea of J\u0101nis Z\u0101bers International Vocal Competition and its artistic supervisor.<\/span><\/span><\/p>\n<\/div><\/section><br \/>\n<section  class='av_textblock_section av-10n4oc-e5d3009a3a9bf261e5e53eb9d12b33da '   itemscope=\"itemscope\" itemtype=\"https:\/\/schema.org\/CreativeWork\" ><div class='avia_textblock'  itemprop=\"text\" ><\/div><\/section><\/p><\/div><\/p>\n<\/div><\/div>\n<style type=\"text\/css\" data-created_by=\"avia_inline_auto\" id=\"style-css-av-32mi4-2f7511522ae84a122b8e89e260ed751e\">\n.flex_cell.av-32mi4-2f7511522ae84a122b8e89e260ed751e{\nvertical-align:top;\n}\n.responsive #top #wrap_all .flex_cell.av-32mi4-2f7511522ae84a122b8e89e260ed751e{\npadding:30px 30px 30px 30px !important;\n}\n<\/style>\n<div class='flex_cell av-32mi4-2f7511522ae84a122b8e89e260ed751e av-gridrow-cell av_one_fifth no_margin  avia-builder-el-10  el_after_av_cell_three_fifth  avia-builder-el-last '  ><div class='flex_cell_inner'><\/div><\/div><\/div><div id='av-layout-grid-2'  class='av-layout-grid-container av-s1acs-1b9cff783296c19202ed562cfaea2436 entry-content-wrapper main_color av-flex-cells  avia-builder-el-11  el_after_av_layout_row  avia-builder-el-last  grid-row-not-first  container_wrap fullsize'  >\n\n<style type=\"text\/css\" data-created_by=\"avia_inline_auto\" id=\"style-css-av-89bg-956ae783ca0724e373d122d58c53e114\">\n.flex_cell.av-89bg-956ae783ca0724e373d122d58c53e114{\nvertical-align:top;\n}\n.responsive #top #wrap_all .flex_cell.av-89bg-956ae783ca0724e373d122d58c53e114{\npadding:30px 30px 30px 30px !important;\n}\n<\/style>\n<div class='flex_cell av-89bg-956ae783ca0724e373d122d58c53e114 av-gridrow-cell av_one_half no_margin  avia-builder-el-12  el_before_av_cell_one_half  avia-builder-el-first '  ><div class='flex_cell_inner'>\n<\/div><\/div>\n<style type=\"text\/css\" data-created_by=\"avia_inline_auto\" id=\"style-css-av-9ybxw-139e88e61cd12b8465b51104cfdf0138\">\n.flex_cell.av-9ybxw-139e88e61cd12b8465b51104cfdf0138{\nvertical-align:top;\n}\n.responsive #top #wrap_all .flex_cell.av-9ybxw-139e88e61cd12b8465b51104cfdf0138{\npadding:30px 30px 30px 30px !important;\n}\n<\/style>\n<div class='flex_cell av-9ybxw-139e88e61cd12b8465b51104cfdf0138 av-gridrow-cell av_one_half no_margin  avia-builder-el-14  el_after_av_cell_one_half  avia-builder-el-last '  ><div class='flex_cell_inner'><\/div><\/div>\n<\/div><\/p>\n","protected":false},"excerpt":{"rendered":"","protected":false},"author":3,"featured_media":0,"parent":0,"menu_order":0,"comment_status":"closed","ping_status":"closed","template":"","meta":{"_exactmetrics_skip_tracking":false,"_exactmetrics_sitenote_active":false,"_exactmetrics_sitenote_note":"","_exactmetrics_sitenote_category":0,"footnotes":""},"class_list":["post-5497","page","type-page","status-publish","hentry"],"_links":{"self":[{"href":"https:\/\/www.zaberscompetition.lv\/en\/wp-json\/wp\/v2\/pages\/5497","targetHints":{"allow":["GET"]}}],"collection":[{"href":"https:\/\/www.zaberscompetition.lv\/en\/wp-json\/wp\/v2\/pages"}],"about":[{"href":"https:\/\/www.zaberscompetition.lv\/en\/wp-json\/wp\/v2\/types\/page"}],"author":[{"embeddable":true,"href":"https:\/\/www.zaberscompetition.lv\/en\/wp-json\/wp\/v2\/users\/3"}],"replies":[{"embeddable":true,"href":"https:\/\/www.zaberscompetition.lv\/en\/wp-json\/wp\/v2\/comments?post=5497"}],"version-history":[{"count":31,"href":"https:\/\/www.zaberscompetition.lv\/en\/wp-json\/wp\/v2\/pages\/5497\/revisions"}],"predecessor-version":[{"id":12445,"href":"https:\/\/www.zaberscompetition.lv\/en\/wp-json\/wp\/v2\/pages\/5497\/revisions\/12445"}],"wp:attachment":[{"href":"https:\/\/www.zaberscompetition.lv\/en\/wp-json\/wp\/v2\/media?parent=5497"}],"curies":[{"name":"wp","href":"https:\/\/api.w.org\/{rel}","templated":true}]}}