 
            
            

{"id":5463,"date":"2019-03-09T15:46:10","date_gmt":"2019-03-09T13:46:10","guid":{"rendered":"https:\/\/www.zaberscompetition.lv\/about-us-jury\/"},"modified":"2025-04-02T12:57:03","modified_gmt":"2025-04-02T10:57:03","slug":"jury","status":"publish","type":"page","link":"https:\/\/www.zaberscompetition.lv\/en\/jury\/","title":{"rendered":"About us: Jury"},"content":{"rendered":"\n<style type=\"text\/css\" data-created_by=\"avia_inline_auto\" id=\"style-css-av-av_section-719a8b62fde2a3a254355c48f48d2748\">\n.avia-section.av-av_section-719a8b62fde2a3a254355c48f48d2748 .av-section-color-overlay{\nopacity:0.7;\nbackground-color:#eeeeee;\n}\n<\/style>\n<div id='izdziedi-vasaru-header'  class='avia-section av-av_section-719a8b62fde2a3a254355c48f48d2748 alternate_color avia-section-small avia-no-border-styling  avia-builder-el-0  el_before_av_one_third  avia-builder-el-first  avia-bg-style-fixed av-section-color-overlay-active container_wrap fullsize'  ><div class=\"av-section-color-overlay-wrap\"><div class=\"av-section-color-overlay\"><\/div><div class='container av-section-cont-open' ><main  role=\"main\" itemprop=\"mainContentOfPage\"  class='template-page content  av-content-full alpha units'><div class='post-entry post-entry-type-page post-entry-5463'><div class='entry-content-wrapper clearfix'>\n\n<\/div><\/div><\/main><!-- close content main element --><\/div><\/div><\/div><div id='after_section_1'  class='main_color av_default_container_wrap container_wrap fullsize'  ><div class='container av-section-cont-open' ><div class='template-page content  av-content-full alpha units'><div class='post-entry post-entry-type-page post-entry-5463'><div class='entry-content-wrapper clearfix'>\n\n<style type=\"text\/css\" data-created_by=\"avia_inline_auto\" id=\"style-css-av-bop8h-7d7bc333b64d0a0982ce2e96dc32de08\">\n.flex_column.av-bop8h-7d7bc333b64d0a0982ce2e96dc32de08{\nborder-radius:0px 0px 0px 0px;\npadding:0px 0px 0px 0px;\n}\n<\/style>\n<div  class='flex_column av-bop8h-7d7bc333b64d0a0982ce2e96dc32de08 av_one_third  avia-builder-el-2  el_after_av_section  el_before_av_one_third  avia-builder-el-first  first flex_column_div av-animated-generic bottom-to-top av-zero-column-padding  '     ><section class='avia-team-member  avia-builder-el-3  avia-builder-el-no-sibling '  itemscope=\"itemscope\" itemtype=\"https:\/\/schema.org\/Person\" ><div class='team-img-container'><a rel='v:url' href='https:\/\/www.zaberscompetition.lv\/wordpress\/en\/about-us-irina-gavrilovici\/'><img class='avia_image avia_image_team' src='https:\/\/www.zaberscompetition.lv\/wordpress\/wordpress\/wp-content\/uploads\/2021\/03\/DSC_0016-33-300x300.jpg' alt='Irina Gavrilovici'  itemprop=\"image\"  \/><\/a><div class='team-social'><div class='team-social-inner'><span class='hidden av_member_url_markup '  itemprop=\"url\" ><\/span><a rel='v:url' class=' ' href='https:\/\/www.zaberscompetition.lv\/wordpress\/en\/about-us-irina-gavrilovici\/'>Irina Gavrilovici<\/a><br\/><p><\/p><\/div><\/div><\/div><span class='hidden team-member-affiliation'  itemprop=\"affiliation\" >Zabers competition<\/span><\/section><\/div>\n<style type=\"text\/css\" data-created_by=\"avia_inline_auto\" id=\"style-css-av-bop8h-02d6c8fc1c1f3b578329c284fe8ef2be\">\n.flex_column.av-bop8h-02d6c8fc1c1f3b578329c284fe8ef2be{\nborder-radius:0px 0px 0px 0px;\npadding:0px 0px 0px 0px;\n}\n<\/style>\n<div  class='flex_column av-bop8h-02d6c8fc1c1f3b578329c284fe8ef2be av_one_third  avia-builder-el-4  el_after_av_one_third  el_before_av_one_third  flex_column_div av-animated-generic bottom-to-top av-zero-column-padding  '     ><section class='avia-team-member  avia-builder-el-5  avia-builder-el-no-sibling '  itemscope=\"itemscope\" itemtype=\"https:\/\/schema.org\/Person\" ><div class='team-img-container'><a rel='v:url' href='https:\/\/www.zaberscompetition.lv\/wordpress\/en\/about-us-inga-kalna\/'><img class='avia_image avia_image_team' src='https:\/\/www.zaberscompetition.lv\/wordpress\/wordpress\/wp-content\/uploads\/2019\/03\/zurija_Inga_Kalna.jpg' alt='Inga Kalna'  itemprop=\"image\"  \/><\/a><div class='team-social'><div class='team-social-inner'><span class='hidden av_member_url_markup '  itemprop=\"url\" ><\/span><a rel='v:url' class=' ' href='https:\/\/www.zaberscompetition.lv\/wordpress\/en\/about-us-inga-kalna\/'>Inga Kalna<\/a><br\/><p><\/p><\/div><\/div><\/div><span class='hidden team-member-affiliation'  itemprop=\"affiliation\" >Zabers competition<\/span><\/section><\/div>\n<style type=\"text\/css\" data-created_by=\"avia_inline_auto\" id=\"style-css-av-bop8h-02d6c8fc1c1f3b578329c284fe8ef2be\">\n.flex_column.av-bop8h-02d6c8fc1c1f3b578329c284fe8ef2be{\nborder-radius:0px 0px 0px 0px;\npadding:0px 0px 0px 0px;\n}\n<\/style>\n<div  class='flex_column av-bop8h-02d6c8fc1c1f3b578329c284fe8ef2be av_one_third  avia-builder-el-6  el_after_av_one_third  el_before_av_one_third  flex_column_div av-animated-generic bottom-to-top av-zero-column-padding  '     ><section class='avia-team-member  avia-builder-el-7  avia-builder-el-no-sibling '  itemscope=\"itemscope\" itemtype=\"https:\/\/schema.org\/Person\" ><div class='team-img-container'><a rel='v:url' href='https:\/\/www.zaberscompetition.lv\/wordpress\/en\/about-us-ieva-parsa\/'><img class='avia_image avia_image_team' src='https:\/\/www.zaberscompetition.lv\/wordpress\/wordpress\/wp-content\/uploads\/2019\/03\/foto_Markovskis-2925.jpg' alt='Ieva Par\u0161a'  itemprop=\"image\"  \/><\/a><div class='team-social'><div class='team-social-inner'><span class='hidden av_member_url_markup '  itemprop=\"url\" ><\/span><a rel='v:url' class=' ' href='https:\/\/www.zaberscompetition.lv\/wordpress\/en\/about-us-ieva-parsa\/'>Ieva Par\u0161a<\/a><br\/><p><\/p><\/div><\/div><\/div><span class='hidden team-member-affiliation'  itemprop=\"affiliation\" >Zabers competition<\/span><\/section><\/div>\n<style type=\"text\/css\" data-created_by=\"avia_inline_auto\" id=\"style-css-av-av_one_third-c282e7c53ab6f75313f36604466194aa\">\n.flex_column.av-av_one_third-c282e7c53ab6f75313f36604466194aa{\nborder-radius:0px 0px 0px 0px;\npadding:0px 0px 0px 0px;\n}\n<\/style>\n<div  class='flex_column av-av_one_third-c282e7c53ab6f75313f36604466194aa av_one_third  avia-builder-el-8  el_after_av_one_third  el_before_av_one_third  first flex_column_div av-animated-generic bottom-to-top av-zero-column-padding  column-top-margin'     ><section class='avia-team-member  avia-builder-el-9  avia-builder-el-no-sibling '  itemscope=\"itemscope\" itemtype=\"https:\/\/schema.org\/Person\" ><div class='team-img-container'><a rel='v:url' href=' https:\/\/www.zaberscompetition.lv\/wordpress\/en\/about-us-solveiga-raja\/'><img class='avia_image avia_image_team' src='https:\/\/www.zaberscompetition.lv\/wp-content\/uploads\/2025\/03\/Raja.jpg' alt='Solveiga Raja'  itemprop=\"image\"  \/><\/a><div class='team-social'><div class='team-social-inner'><span class='hidden av_member_url_markup '  itemprop=\"url\" ><\/span><a rel='v:url' class=' ' href=' https:\/\/www.zaberscompetition.lv\/wordpress\/en\/about-us-solveiga-raja\/'>Solveiga Raja<\/a><br\/><p><\/p><\/div><\/div><\/div><span class='hidden team-member-affiliation'  itemprop=\"affiliation\" >Zabers competition<\/span><\/section><\/div>\n<style type=\"text\/css\" data-created_by=\"avia_inline_auto\" id=\"style-css-av-av_one_third-416e7512c32321d73a0ce81f1daf51ef\">\n.flex_column.av-av_one_third-416e7512c32321d73a0ce81f1daf51ef{\nborder-radius:0px 0px 0px 0px;\npadding:0px 0px 0px 0px;\n}\n<\/style>\n<div  class='flex_column av-av_one_third-416e7512c32321d73a0ce81f1daf51ef av_one_third  avia-builder-el-10  el_after_av_one_third  el_before_av_one_third  flex_column_div av-animated-generic bottom-to-top av-zero-column-padding  column-top-margin'     ><section class='avia-team-member  avia-builder-el-11  avia-builder-el-no-sibling '  itemscope=\"itemscope\" itemtype=\"https:\/\/schema.org\/Person\" ><div class='team-img-container'><a rel='v:url' href=' https:\/\/www.zaberscompetition.lv\/wordpress\/en\/about-us-tamara-sinavska\/'><img class='avia_image avia_image_team' src='https:\/\/www.zaberscompetition.lv\/wordpress\/wordpress\/wp-content\/uploads\/2019\/03\/zurija_Sinyavskaya_Tamara.jpg' alt='Tamara Sinyavskaya'  itemprop=\"image\"  \/><\/a><div class='team-social'><div class='team-social-inner'><span class='hidden av_member_url_markup '  itemprop=\"url\" ><\/span><a rel='v:url' class=' ' href=' https:\/\/www.zaberscompetition.lv\/wordpress\/en\/about-us-tamara-sinavska\/'>Tamara Sinyavskaya<\/a><br\/><p><\/p><\/div><\/div><\/div><span class='hidden team-member-affiliation'  itemprop=\"affiliation\" >Zabers competition<\/span><\/section><\/div>\n<style type=\"text\/css\" data-created_by=\"avia_inline_auto\" id=\"style-css-av-bop8h-02d6c8fc1c1f3b578329c284fe8ef2be\">\n.flex_column.av-bop8h-02d6c8fc1c1f3b578329c284fe8ef2be{\nborder-radius:0px 0px 0px 0px;\npadding:0px 0px 0px 0px;\n}\n<\/style>\n<div  class='flex_column av-bop8h-02d6c8fc1c1f3b578329c284fe8ef2be av_one_third  avia-builder-el-12  el_after_av_one_third  el_before_av_one_third  flex_column_div av-animated-generic bottom-to-top av-zero-column-padding  column-top-margin'     ><section class='avia-team-member  avia-builder-el-13  avia-builder-el-no-sibling '  itemscope=\"itemscope\" itemtype=\"https:\/\/schema.org\/Person\" ><div class='team-img-container'><a rel='v:url' href='https:\/\/www.zaberscompetition.lv\/wordpress\/en\/about-us-klaudija-viska\/'><img class='avia_image avia_image_team' src='https:\/\/www.zaberscompetition.lv\/wordpress\/wordpress\/wp-content\/uploads\/2019\/03\/zurija_Klaudija_Visca.jpg' alt='Claudia Visca'  itemprop=\"image\"  \/><\/a><div class='team-social'><div class='team-social-inner'><span class='hidden av_member_url_markup '  itemprop=\"url\" ><\/span><a rel='v:url' class=' ' href='https:\/\/www.zaberscompetition.lv\/wordpress\/en\/about-us-klaudija-viska\/'>Claudia Visca<\/a><br\/><p><\/p><\/div><\/div><\/div><span class='hidden team-member-affiliation'  itemprop=\"affiliation\" >Zabers competition<\/span><\/section><\/div>\n<style type=\"text\/css\" data-created_by=\"avia_inline_auto\" id=\"style-css-av-av_one_third-c282e7c53ab6f75313f36604466194aa\">\n.flex_column.av-av_one_third-c282e7c53ab6f75313f36604466194aa{\nborder-radius:0px 0px 0px 0px;\npadding:0px 0px 0px 0px;\n}\n<\/style>\n<div  class='flex_column av-av_one_third-c282e7c53ab6f75313f36604466194aa av_one_third  avia-builder-el-14  el_after_av_one_third  el_before_av_one_third  first flex_column_div av-animated-generic bottom-to-top av-zero-column-padding  column-top-margin'     ><section class='avia-team-member  avia-builder-el-15  avia-builder-el-no-sibling '  itemscope=\"itemscope\" itemtype=\"https:\/\/schema.org\/Person\" ><div class='team-img-container'><a rel='v:url' href=' https:\/\/www.zaberscompetition.lv\/wordpress\/en\/about-us-juris-grinevics\/'><img class='avia_image avia_image_team' src='https:\/\/www.zaberscompetition.lv\/wordpress\/wordpress\/wp-content\/uploads\/2019\/09\/Grinevics.jpg' alt='Juris Gri\u0146\u0113vi\u010ds'  itemprop=\"image\"  \/><\/a><div class='team-social'><div class='team-social-inner'><span class='hidden av_member_url_markup '  itemprop=\"url\" ><\/span><a rel='v:url' class=' ' href=' https:\/\/www.zaberscompetition.lv\/wordpress\/en\/about-us-juris-grinevics\/'>Juris Gri\u0146\u0113vi\u010ds<\/a><br\/><p><\/p><\/div><\/div><\/div><span class='hidden team-member-affiliation'  itemprop=\"affiliation\" >Zabers competition<\/span><\/section><\/div>\n<style type=\"text\/css\" data-created_by=\"avia_inline_auto\" id=\"style-css-av-av_one_third-416e7512c32321d73a0ce81f1daf51ef\">\n.flex_column.av-av_one_third-416e7512c32321d73a0ce81f1daf51ef{\nborder-radius:0px 0px 0px 0px;\npadding:0px 0px 0px 0px;\n}\n<\/style>\n<div  class='flex_column av-av_one_third-416e7512c32321d73a0ce81f1daf51ef av_one_third  avia-builder-el-16  el_after_av_one_third  el_before_av_one_third  flex_column_div av-animated-generic bottom-to-top av-zero-column-padding  column-top-margin'     ><section class='avia-team-member  avia-builder-el-17  avia-builder-el-no-sibling '  itemscope=\"itemscope\" itemtype=\"https:\/\/schema.org\/Person\" ><div class='team-img-container'><a rel='v:url' href='https:\/\/www.zaberscompetition.lv\/en\/about-us-julijs-homenko\/'><img class='avia_image avia_image_team' src='https:\/\/www.zaberscompetition.lv\/wp-content\/uploads\/2025\/03\/Khomenko-V2.jpg' alt='Yuly Khomenko'  itemprop=\"image\"  \/><\/a><div class='team-social'><div class='team-social-inner'><span class='hidden av_member_url_markup '  itemprop=\"url\" ><\/span><a rel='v:url' class=' ' href='https:\/\/www.zaberscompetition.lv\/en\/about-us-julijs-homenko\/'>Yuly Khomenko<\/a><br\/><p><\/p><\/div><\/div><\/div><span class='hidden team-member-affiliation'  itemprop=\"affiliation\" >Zabers competition<\/span><\/section><\/div>\n<style type=\"text\/css\" data-created_by=\"avia_inline_auto\" id=\"style-css-av-av_one_third-416e7512c32321d73a0ce81f1daf51ef\">\n.flex_column.av-av_one_third-416e7512c32321d73a0ce81f1daf51ef{\nborder-radius:0px 0px 0px 0px;\npadding:0px 0px 0px 0px;\n}\n<\/style>\n<div  class='flex_column av-av_one_third-416e7512c32321d73a0ce81f1daf51ef av_one_third  avia-builder-el-18  el_after_av_one_third  el_before_av_one_third  flex_column_div av-animated-generic bottom-to-top av-zero-column-padding  column-top-margin'     ><section class='avia-team-member  avia-builder-el-19  avia-builder-el-no-sibling '  itemscope=\"itemscope\" itemtype=\"https:\/\/schema.org\/Person\" ><div class='team-img-container'><a rel='v:url' href=' https:\/\/www.zaberscompetition.lv\/wordpress\/en\/about-us-edgars-kramins\/'><img class='avia_image avia_image_team' src='https:\/\/www.zaberscompetition.lv\/wordpress\/wordpress\/wp-content\/uploads\/2019\/03\/foto_Markovskis-2884.jpg' alt='Edgars Krami\u0146\u0161'  itemprop=\"image\"  \/><\/a><div class='team-social'><div class='team-social-inner'><span class='hidden av_member_url_markup '  itemprop=\"url\" ><\/span><a rel='v:url' class=' ' href=' https:\/\/www.zaberscompetition.lv\/wordpress\/en\/about-us-edgars-kramins\/'>Edgars Krami\u0146\u0161<\/a><br\/><p><\/p><\/div><\/div><\/div><span class='hidden team-member-affiliation'  itemprop=\"affiliation\" >Zabers competition<\/span><\/section><\/div>\n<style type=\"text\/css\" data-created_by=\"avia_inline_auto\" id=\"style-css-av-av_one_third-c282e7c53ab6f75313f36604466194aa\">\n.flex_column.av-av_one_third-c282e7c53ab6f75313f36604466194aa{\nborder-radius:0px 0px 0px 0px;\npadding:0px 0px 0px 0px;\n}\n<\/style>\n<div  class='flex_column av-av_one_third-c282e7c53ab6f75313f36604466194aa av_one_third  avia-builder-el-20  el_after_av_one_third  el_before_av_one_full  first flex_column_div av-animated-generic bottom-to-top av-zero-column-padding  column-top-margin'     ><section class='avia-team-member  avia-builder-el-21  avia-builder-el-no-sibling '  itemscope=\"itemscope\" itemtype=\"https:\/\/schema.org\/Person\" ><div class='team-img-container'><a rel='v:url' href=' https:\/\/www.zaberscompetition.lv\/wordpress\/en\/about-us-normunds-vaicis\/'><img class='avia_image avia_image_team' src='https:\/\/www.zaberscompetition.lv\/wordpress\/wordpress\/wp-content\/uploads\/2023\/04\/Vaicis_Normunds_1.jpg' alt='Normunds Vaicis'  itemprop=\"image\"  \/><\/a><div class='team-social'><div class='team-social-inner'><span class='hidden av_member_url_markup '  itemprop=\"url\" ><\/span><a rel='v:url' class=' ' href=' https:\/\/www.zaberscompetition.lv\/wordpress\/en\/about-us-normunds-vaicis\/'>Normunds Vaicis<\/a><br\/><p><\/p><\/div><\/div><\/div><span class='hidden team-member-affiliation'  itemprop=\"affiliation\" >Zabers competition<\/span><\/section><\/div>\n<style type=\"text\/css\" data-created_by=\"avia_inline_auto\" id=\"style-css-av-av_one_full-15d750bd1b332b34c6e70b077ebbccdf\">\n.flex_column.av-av_one_full-15d750bd1b332b34c6e70b077ebbccdf{\nborder-radius:0px 0px 0px 0px;\npadding:0px 0px 0px 0px;\n}\n<\/style>\n<div  class='flex_column av-av_one_full-15d750bd1b332b34c6e70b077ebbccdf av_one_full  avia-builder-el-22  el_after_av_one_third  avia-builder-el-last  first flex_column_div av-zero-column-padding  column-top-margin'     ><\/div><\/p>\n","protected":false},"excerpt":{"rendered":"","protected":false},"author":3,"featured_media":0,"parent":0,"menu_order":0,"comment_status":"closed","ping_status":"closed","template":"","meta":{"_exactmetrics_skip_tracking":false,"_exactmetrics_sitenote_active":false,"_exactmetrics_sitenote_note":"","_exactmetrics_sitenote_category":0,"footnotes":""},"class_list":["post-5463","page","type-page","status-publish","hentry"],"_links":{"self":[{"href":"https:\/\/www.zaberscompetition.lv\/en\/wp-json\/wp\/v2\/pages\/5463","targetHints":{"allow":["GET"]}}],"collection":[{"href":"https:\/\/www.zaberscompetition.lv\/en\/wp-json\/wp\/v2\/pages"}],"about":[{"href":"https:\/\/www.zaberscompetition.lv\/en\/wp-json\/wp\/v2\/types\/page"}],"author":[{"embeddable":true,"href":"https:\/\/www.zaberscompetition.lv\/en\/wp-json\/wp\/v2\/users\/3"}],"replies":[{"embeddable":true,"href":"https:\/\/www.zaberscompetition.lv\/en\/wp-json\/wp\/v2\/comments?post=5463"}],"version-history":[{"count":27,"href":"https:\/\/www.zaberscompetition.lv\/en\/wp-json\/wp\/v2\/pages\/5463\/revisions"}],"predecessor-version":[{"id":12409,"href":"https:\/\/www.zaberscompetition.lv\/en\/wp-json\/wp\/v2\/pages\/5463\/revisions\/12409"}],"wp:attachment":[{"href":"https:\/\/www.zaberscompetition.lv\/en\/wp-json\/wp\/v2\/media?parent=5463"}],"curies":[{"name":"wp","href":"https:\/\/api.w.org\/{rel}","templated":true}]}}