 
            
            

{"id":5458,"date":"2019-03-09T15:41:16","date_gmt":"2019-03-09T13:41:16","guid":{"rendered":"https:\/\/www.zaberscompetition.lv\/regulation\/"},"modified":"2025-03-24T13:48:23","modified_gmt":"2025-03-24T11:48:23","slug":"regulation","status":"publish","type":"page","link":"https:\/\/www.zaberscompetition.lv\/en\/regulation\/","title":{"rendered":"Regulation"},"content":{"rendered":"\n<style type=\"text\/css\" data-created_by=\"avia_inline_auto\" id=\"style-css-av-av_section-3a68c47f343684a163d6c88cc2208332\">\n.avia-section.av-av_section-3a68c47f343684a163d6c88cc2208332 .av-section-color-overlay{\nopacity:0.7;\nbackground-color:#eeeeee;\n}\n<\/style>\n<div id='izdziedi-vasaru-header'  class='avia-section av-av_section-3a68c47f343684a163d6c88cc2208332 main_color avia-section-small avia-no-border-styling  avia-builder-el-0  el_before_av_codeblock  avia-builder-el-first  avia-bg-style-parallax av-section-color-overlay-active container_wrap fullsize'  ><div class=\"av-section-color-overlay-wrap\"><div class=\"av-section-color-overlay\"><\/div><div class='container av-section-cont-open' ><main  role=\"main\" itemprop=\"mainContentOfPage\"  class='template-page content  av-content-full alpha units'><div class='post-entry post-entry-type-page post-entry-5458'><div class='entry-content-wrapper clearfix'><\/div><\/div><\/main><!-- close content main element --><\/div><\/div><\/div><div id='after_section_1'  class='main_color av_default_container_wrap container_wrap fullsize'  ><div class='container av-section-cont-open' ><div class='template-page content  av-content-full alpha units'><div class='post-entry post-entry-type-page post-entry-5458'><div class='entry-content-wrapper clearfix'>\n\n<section  class='av_textblock_section av-m8ivyf5q-ebfaf02a40342cd297c0b29f5654053d '   itemscope=\"itemscope\" itemtype=\"https:\/\/schema.org\/CreativeWork\" ><div class='avia_textblock'  itemprop=\"text\" ><div  class='avia-button-wrap av-av_button-bf45c02a959e10c9b1e386ea409e5e09-wrap avia-button-center  avia-builder-el-3  avia-builder-el-no-sibling '><a href='https:\/\/www.zaberscompetition.lv\/wp-content\/uploads\/2025\/03\/Zabera_konkurss_nolikums_2025_en.pdf'  class='avia-button av-av_button-bf45c02a959e10c9b1e386ea409e5e09 av-download-btn noLightbox avia-icon_select-yes-right-icon avia-size-small avia-position-center avia-color-theme-color' download ><span class='avia_iconbox_title' >Competition Rules<\/span><span class='avia_button_icon avia_button_icon_right' aria-hidden='true' data-av_icon='\ue800' data-av_iconfont='entypo-fontello'><\/span><\/a><\/div>\n<p><strong><u>The Aim of the Competition:<\/u><\/strong><\/p>\n<p>The competition is held to commemorate the famous Latvian singer J\u0101nis Z\u0101bers, and at the same time to provoke an interest towards the academic singing and to facilitate the professional growth of young singers. Its aim is also to remind that a really successful singer is capable to show his or her vocal skills in various types and genres of music.<\/p>\n<p><strong><u>The Schedule of the Competition<\/u><\/strong><strong><u>:<\/u><\/strong><\/p>\n<p>J\u0101nis Z\u0101bers 3-th International Vocal Competition will take place in three rounds from September 24 to 28, 2025, in Riga (Latvia). It is open to academic music singers of any country, within the age of 10 to 35 years:<\/p>\n<ul>\n<li><strong>Group A:<\/strong> 10 \u2013 15 years (the category of the children\u2019s music school);<\/li>\n<li><strong>Group B:<\/strong> 16 \u2013 21 years (the category of music secondary school, college or university);<\/li>\n<li><strong>Group C: <\/strong>22 \u2013 35 years (the category of professional singers).<\/li>\n<\/ul>\n<p><strong>Round 1 <\/strong>is open to any interested performer the vocal training of which meets the requirements of a certain group. He\/she will have to perform two pieces, which will be appraised by the jury openly after each performance. The first \u2013 in the presence of video cameras, without seeing the performers in person and not knowing the sequence of their performance, whereas the second \u2013 seeing the performers in person and in the sequence of their previous performance. Total length of performance: up to 5\u00a0minutes.<\/p>\n<p><strong>Round 2<\/strong> is open to twelve competitors with the best results of Round\u00a01. Each of them will have to perform three pieces. All the performances will be appraised by the jury confidentially, without discussions, but providing comments. The score obtained by the competitors advanced to the Round\u00a03 will be announced to them only after the final round of the competition. Total length of performance: up to 12\u00a0minutes.<\/p>\n<p><strong>Round 3<\/strong> is open to six competitors with the best results of Round\u00a02. Each of them will have to perform two pieces. The appraisal of the performances will be carried out by the jury without discussions, neither providing comments openly after each performance.<\/p>\n<p>The performances will have to be made without the use of the sound equipment, and their sequence in the rounds of the competition will be decided by drawing lots. All the pieces will have to be performed in the original language and from the memory. The opera arias, meant for a particular voice type, will have to be performed only in the original key. Each piece may be performed only at one round of the competition.<\/p>\n<p>While performing at any of the three rounds of the competition, the performers will be obliged to wear a stage costume fit for a particular performance, which will also be judged.<\/p>\n<p>All rounds of the competition will be open, and will be held as concerts with the presence of the audience. The activities of the competition may be shown by Latvian and foreign media. Consequently, all the participants of the competition and all the members of the jury will acknowledge that while participating in the activities of the competition, they will raise no objection to the recording of these activities in photo, audio and video files, and will receive no remuneration for the circulation of the above files in mass media. All rights of the audio and video recordings are reserved by the organizers of the competition.<\/p>\n<p><strong><u>The Competition Jury and the System of Appraisal<\/u><\/strong><\/p>\n<p>The jury is comprised of soloists and vocal teachers with international experience from Latvia and abroad:<\/p>\n<ol>\n<li>Russian opera singer, soloist of Moscow Bolshoi Theatre, People\u2019s artist of the USSR, Head of the Chair of Vocal Performance, Music Theatre Faculty, Russian Institute of Theatre Arts (\u0420\u043e\u0441\u0441\u0438\u0439\u0441\u043a\u0438\u0439 \u0438\u043d\u0441\u0442\u0438\u0442\u0443\u0442 \u0442\u0435\u0430\u0442\u0440\u0430\u043b\u044c\u043d\u043e\u0433\u043e \u0438\u0441\u043a\u0443\u0441\u0441\u0442\u0432\u0430), professor Tamara <strong>Sinyavskaya<\/strong> (\u0422\u0430\u043c\u0430\u0440\u0430 \u0418\u043b\u044c\u0438\u043d\u0438\u0447\u043d\u0430 \u0421\u0438\u043d\u044f\u0432\u0441\u043a\u0430\u044f),<\/li>\n<li>American opera singer, professor of the Department of Vocal Studies and Music Theatre (Institut f\u00fcr Gesang und Musiktheater), University of Music and Performing Arts, Vienna (Universit\u00e4t f\u00fcr Musik und darstellende Kunst Wien), Claudia <strong>Visca<\/strong>,<\/li>\n<li>Romanian pianist and vocal teacher, head of a singing studio in Vienna and vocal consultant at the Finnish National Opera Irina <strong>Gavrilovici<\/strong>,<\/li>\n<li>A chamber singer of Ukrainian origin, professor at the Vienna University of Music and Arts (Musik- und Kunstuniversit\u00e4t der Stadt Wien) Yuly <strong>Khomenko<\/strong>,<\/li>\n<li>Latvian opera singer with present-day worldwide singing experience Inga <strong>Kalna<\/strong>,<\/li>\n<li>Latvian opera singer Solveiga <strong>Raja<\/strong>,<\/li>\n<li>Latvian chamber singer, soloist of Latvian National Opera and lecturer at the J\u0101zeps V\u012btols Latvian Academy of Music Ieva<strong> Par\u0161a<\/strong>,<\/li>\n<li>Latvian musicologist, teacher, program manager of Latvian radio &#8220;Klasika&#8221; Juris <strong>Gri\u0146\u0113vi\u010ds<\/strong>,<\/li>\n<li>Latvian conductor Normunds <strong>Vaicis<\/strong>.<\/li>\n<li>Musical theater actor, director and vocal teacher, artistic supervisor of J\u0101nis Z\u0101bers International Vocal Competition Dr.paed. Edgars <strong>Krami\u0146\u0161<\/strong>.<\/li>\n<\/ol>\n<p>Each round of the competition will be appraised by five members of the jury. At all rounds of the competition, each member of the jury will have the right to a one vote and will state his\/her appraisal on the nine point scale. The Chairman of the Jury has the right to award additional score one time per each round of the competition.<\/p>\n<p>In case several competitors obtain equal score, the jury will decide, after discussion, the sequence of places. If somebody refuses from further participation in the competition, the jury will decide on whether to award the place to the next competitor with the highest score. It will have the right to divide places and money prizes among several competitors, in case several competitors have obtained equal appraisal, or not to award all the places.<\/p>\n<p>Likewise the jury will have the right to expel a competitor from the competition for breach of competition regulations and showing unethical behavior.<\/p>\n<p>The results obtained at separate rounds of the competition are not summed up, and the decision of the jury is beyond appeal.<\/p>\n<p><strong><u>The criteria of appraisal are as follows:<\/u><\/strong><\/p>\n<ul>\n<li>voice material;<\/li>\n<li>vocal mastery\/ preparation (breath, intonation of vocals, diction, emotionally timbre sound);<\/li>\n<li>artistic performance &#8211; procedural activity (ability to think, maintain dialogue and make music) and cultural-social aspect (will, energy, knowledge of content);<\/li>\n<li>relevance of the program\/ repertoire (singer&#8217;s intelligence, set of mind and understanding, level of complexity of the chosen performance);<\/li>\n<li>personality and visual correspondence to the nature of the performance (style, stage appeal);<\/li>\n<li>Originality.<\/li>\n<\/ul>\n<p><strong><u>The Repertoire of the Competition:<\/u><\/strong><\/p>\n<p><strong><u>Group A<\/u><\/strong><\/p>\n<p><strong>Round<\/strong><strong> 1<\/strong><\/p>\n<ol>\n<li>A folk-song of free choice in the native language \/a capella\/<\/li>\n<li>An Italian old classic aria or an arietta of free choice<\/li>\n<\/ol>\n<p><strong>Round 2<\/strong><\/p>\n<ol>\n<li>A song from the creative work by J\u0101nis Z\u0101bers\u2019 favorite composers \/chamber music\/*<\/li>\n<li>A vocal piece of free choice<\/li>\n<li>A children\u2019s song by Arv\u012bds \u017dilinskis from J\u0101nis Z\u0101bers\u2019 repertoire \/<strong>in Latvian<\/strong>\/*<\/li>\n<\/ol>\n<p><strong>Round 3<\/strong><\/p>\n<ol>\n<li>An opera aria from a performance in J\u0101nis Z\u0101bers\u2019 repertoire*<\/li>\n<li>A Neapolitan song of free choice**<\/li>\n<\/ol>\n<p><strong><u>Group B<\/u><\/strong><\/p>\n<p><strong>Round 1<\/strong><\/p>\n<ol>\n<li>A folk-song of free choice in the native language \/a capella\/<\/li>\n<li>An Italian old classic aria of free choice<\/li>\n<\/ol>\n<p><strong>Round 2<\/strong><\/p>\n<ol>\n<li>A song from the creative work by J\u0101nis Z\u0101bers\u2019 favorite composers \/chamber music\/*<\/li>\n<li>An opera aria by a Russian, Latvian or Lithuanian composer from a performance in J\u0101nis Z\u0101bers\u2019 repertoire*<\/li>\n<li>A children\u2019s song by Arv\u012bds \u017dilinskis from J\u0101nis Z\u0101bers\u2019 repertoire \/<strong>in Latvian<\/strong>\/*<\/li>\n<\/ol>\n<p><strong>Round 3<\/strong><\/p>\n<ol>\n<li>An opera aria by a Western European composer from a performance in J\u0101nis Z\u0101bers\u2019 repertoire*<\/li>\n<li>A Neapolitan song of free choice**<\/li>\n<\/ol>\n<p><strong><u>Group C<\/u><\/strong><\/p>\n<p><strong>Round 1<\/strong><\/p>\n<ol>\n<li>A folk-song of free choice in the native language \/a capella\/<\/li>\n<li>An Italian old classic aria of free choice<\/li>\n<\/ol>\n<p><strong>Round 2<\/strong><\/p>\n<ol>\n<li>A song from the creative work by J\u0101nis Z\u0101bers\u2019 favorite composers \/chamber music\/*<\/li>\n<li>An opera aria by a Russian, Latvian or Lithuanian composer from a performance in J\u0101nis Z\u0101bers\u2019 repertoire*<\/li>\n<li>A Latvian composer&#8217;s pop song from J\u0101nis Z\u0101bers\u2019 repertoire \/<strong>in Latvian<\/strong>\/*<\/li>\n<\/ol>\n<p><strong>Round 3<\/strong><\/p>\n<ol>\n<li>An opera aria by a Western European composer from a performance in J\u0101nis Z\u0101bers\u2019 repertoire*<\/li>\n<li>A Neapolitan song of free choice**<\/li>\n<\/ol>\n<p>*The list of compulsory pieces from the repertoire of J\u0101nis Z\u0101bers can be viewed at the website <a href=\"http:\/\/www.zaberscompetition.lv\/\"><em>www.zaberscompetition.lv<\/em><\/a> section Repertoire.<\/p>\n<p>**The competitor must coordinate the title, tonality and orchestral notes of the Neapolitan song with the competition administration, if necessary, submitting the necessary copies of the notes on the day of registration.<\/p>\n<p><strong><u>The Participation Fee and Prizes of the Competition:<\/u><\/strong><\/p>\n<p><u>The participation fee of the competition is as follows:<\/u><\/p>\n<ul>\n<li>EUR 100 payable until 31.05.2025.<\/li>\n<li>EUR 130 payable until 31.07.2025.<\/li>\n<\/ul>\n<p><u>The organizers of the competition will provide:<\/u><\/p>\n<ul>\n<li>rooms for rehearsals with concert pianist, to rehearse the program of Round\u00a01 (up to 15 minutes), the program of Round\u00a02 (up to 45 minutes) and the program of Round\u00a03 (up to 30 minutes).<\/li>\n<li>for competitors not advancing to Round\u00a02, consultations and conversations with the participating jury;<\/li>\n<li>for competitors not advancing to Round\u00a03, a possibility to participate in master-class led by the members of jury;<\/li>\n<li>a diploma, indicating the achievements of the competitor;<\/li>\n<li>information on the discounts at the hotels, hostels, and information on the nearest places of public catering.<\/li>\n<\/ul>\n<p>The expenses for traveling, visa processing, insurance, accommodation, catering and all other expenses pertaining to the stay are covered by the competitors themselves.<\/p>\n<p><u>The prizes of the competition in each age group are as follows:<\/u><\/p>\n<ul>\n<li>1-st place: EUR 1200<\/li>\n<li>2-nd place: EUR 700<\/li>\n<li>3-rd place: EUR 500<\/li>\n<\/ul>\n<p>The state and local government institutions, patrons of the competition, mass media, creative unions and social organizations, after coordinating with the administration, may award special prizes to the competitors.<\/p>\n<p>Prize awarding for all of the competitors will take place solemnly at the competition final. Therefore it is mandatory for all competitors not advancing to the final to participate in the end of competition.<\/p>\n<p><strong><u>Applying for the Competition:<\/u><\/strong><\/p>\n<p>The application is open till July 31, 2025 by filling out the form on website <a href=\"http:\/\/www.zaberscompetition.lv\/\">www.zaberscompetition.lv<\/a>, form contains the following requirements:<\/p>\n<ul>\n<li>personal information in Latvian or English;<\/li>\n<li>a scanned copy of passport;<\/li>\n<li>a biographic description on the competitor\u2019s level of education and achievements in singing (up to 1500 characters);<\/li>\n<li>a digital photo in square format (at least 300 dpi in the resolution of 273 x 273 pixels);<\/li>\n<li>for the soloists of group C, a scanned copy of the diploma or a certificate from the workplace confirming compliance with the relevant competition category.<\/li>\n<\/ul>\n<p>Upon receipt of an official invitation to competition, competitors should send in the printed music sheets of vocal pieces to be performed in Rounds 1, 2 and 3, one copy per each, till August 31, 2025 via e-mail <a href=\"mailto:info@zaberscompetition.lv\">info@zaberscompetition.lv<\/a><\/p>\n<p><em>The organizers of the competition respect the Data Protection Regulation and shall be responsible for the security of data to be submitted in the application.<\/em><\/p>\n<p><em>The participation fee (indicating surname and name of the competitor, and the aim \u2013 participation in Janis Zabers International Vocal Competition) should be transferred to the following bank account:<\/em><\/p>\n<p>\u201eVocale\u201d<\/p>\n<p>Reg. No.: 40008042799<\/p>\n<p>Bank: A\/S Swedbank<\/p>\n<p>Account No.: LV 87 HABA 0551032664947<\/p>\n<p>SWIFT: HABALV22<\/p>\n<p>Within ten days after the reception of all the documents the administration of the competition will digitally send to the e-mail address indicated by the competitor an official invitation to participate in the competition. The competitors are entitled to participate in the competition with a concert pianist of their own, or they may use, without additional charge, the concert pianist offered by the organizers.<\/p>\n<p>Further information about the location and the activities of the competition can be obtained by the competitors at the website or via e-mail.<\/p>\n<p>Competitors from abroad, in case necessary, should, on their own account, process visas for entering Latvia, on the basis of the invitation.<\/p>\n<p>If a competitor cannot attend the competition due to sudden illness or other objective reason, the participation fee is not refunded.<\/p>\n<p><strong><u>Contacts:<\/u><\/strong><\/p>\n<p>J\u0101nis Z\u0101bers International Vocal Competition<\/p>\n<p>Bru\u0146inieku 33- 9, R\u012bga, LV-1001, Latvija<\/p>\n<p>Manager assistant: Sab\u012bne Rad\u010denko<\/p>\n<p>info@<a href=\"http:\/\/www.zaberscompetation.lv\/\">zaberscompetition.lv<\/a><\/p>\n<p><strong>www.<\/strong><a href=\"http:\/\/www.zaberscompetation.lv\/\"><strong>zaberscompetition.lv<\/strong><\/a><\/p>\n<p><span style=\"border-radius: 2px; text-indent: 20px; width: auto; padding: 0px 4px 0px 0px; text-align: center; font: bold 11px\/20px 'Helvetica Neue',Helvetica,sans-serif; color: #ffffff; background: #bd081c no-repeat scroll 3px 50% \/ 14px 14px; position: absolute; opacity: 0.85; z-index: 8675309; display: none; cursor: pointer; top: 36px; left: 259px;\">Save<\/span><\/p>\n<p><span style=\"border-radius: 2px; text-indent: 20px; width: auto; padding: 0px 4px 0px 0px; text-align: center; font: bold 11px\/20px 'Helvetica Neue',Helvetica,sans-serif; color: #ffffff; background: #bd081c no-repeat scroll 3px 50% \/ 14px 14px; position: absolute; opacity: 0.85; z-index: 8675309; display: none; cursor: pointer; top: 36px; left: 441px;\">Save<\/span><\/p>\n<p><span style=\"border-radius: 2px; text-indent: 20px; width: auto; padding: 0px 4px 0px 0px; text-align: center; font: bold 11px\/20px 'Helvetica Neue',Helvetica,sans-serif; color: #ffffff; background: #bd081c no-repeat scroll 3px 50% \/ 14px 14px; position: absolute; opacity: 0.85; z-index: 8675309; display: none; cursor: pointer; top: 36px; left: 441px;\">Save<\/span><\/p>\n<\/div><\/section>\n","protected":false},"excerpt":{"rendered":"","protected":false},"author":8,"featured_media":0,"parent":0,"menu_order":0,"comment_status":"closed","ping_status":"closed","template":"","meta":{"_exactmetrics_skip_tracking":false,"_exactmetrics_sitenote_active":false,"_exactmetrics_sitenote_note":"","_exactmetrics_sitenote_category":0,"footnotes":""},"class_list":["post-5458","page","type-page","status-publish","hentry"],"_links":{"self":[{"href":"https:\/\/www.zaberscompetition.lv\/en\/wp-json\/wp\/v2\/pages\/5458","targetHints":{"allow":["GET"]}}],"collection":[{"href":"https:\/\/www.zaberscompetition.lv\/en\/wp-json\/wp\/v2\/pages"}],"about":[{"href":"https:\/\/www.zaberscompetition.lv\/en\/wp-json\/wp\/v2\/types\/page"}],"author":[{"embeddable":true,"href":"https:\/\/www.zaberscompetition.lv\/en\/wp-json\/wp\/v2\/users\/8"}],"replies":[{"embeddable":true,"href":"https:\/\/www.zaberscompetition.lv\/en\/wp-json\/wp\/v2\/comments?post=5458"}],"version-history":[{"count":22,"href":"https:\/\/www.zaberscompetition.lv\/en\/wp-json\/wp\/v2\/pages\/5458\/revisions"}],"predecessor-version":[{"id":12111,"href":"https:\/\/www.zaberscompetition.lv\/en\/wp-json\/wp\/v2\/pages\/5458\/revisions\/12111"}],"wp:attachment":[{"href":"https:\/\/www.zaberscompetition.lv\/en\/wp-json\/wp\/v2\/media?parent=5458"}],"curies":[{"name":"wp","href":"https:\/\/api.w.org\/{rel}","templated":true}]}}