 
            
            

{"id":11805,"date":"2025-04-02T13:02:01","date_gmt":"2025-04-02T11:02:01","guid":{"rendered":"https:\/\/www.zaberscompetition.lv\/?page_id=11805"},"modified":"2025-04-02T13:02:01","modified_gmt":"2025-04-02T11:02:01","slug":"about-us-ieva-parsa-2","status":"publish","type":"page","link":"https:\/\/www.zaberscompetition.lv\/en\/about-us-ieva-parsa-2\/","title":{"rendered":"About us: Ieva Par\u0161a"},"content":{"rendered":"\n<style type=\"text\/css\" data-created_by=\"avia_inline_auto\" id=\"style-css-av-av_section-6ef14e517a5abf3de2038b87ffebd975\">\n.avia-section.av-av_section-6ef14e517a5abf3de2038b87ffebd975 .av-section-color-overlay{\nopacity:0.7;\nbackground-color:#eeeeee;\n}\n<\/style>\n<div id='av_section_1'  class='avia-section av-av_section-6ef14e517a5abf3de2038b87ffebd975 main_color avia-section-small avia-no-shadow  avia-builder-el-0  el_before_av_layout_row  avia-builder-el-first  avia-bg-style-scroll av-section-color-overlay-active container_wrap fullsize'  ><div class=\"av-section-color-overlay-wrap\"><div class=\"av-section-color-overlay\"><\/div><div class='container av-section-cont-open' ><main  role=\"main\" itemprop=\"mainContentOfPage\"  class='template-page content  av-content-full alpha units'><div class='post-entry post-entry-type-page post-entry-11805'><div class='entry-content-wrapper clearfix'>\n<\/div><\/div><\/main><!-- close content main element --><\/div><\/div><\/div><div id='separate-contact-page'  class='av-layout-grid-container av-ostx5a-6cd0259d0ed7be25e15e7600538701b4 entry-content-wrapper main_color av-flex-cells  avia-builder-el-1  el_after_av_section  el_before_av_layout_row  grid-row-not-first  container_wrap fullsize'  >\n\n<style type=\"text\/css\" data-created_by=\"avia_inline_auto\" id=\"style-css-av-mmza32-5b6e0d41e8f19b3ff0964584607e5cb4\">\n.flex_cell.av-mmza32-5b6e0d41e8f19b3ff0964584607e5cb4{\nvertical-align:top;\n}\n.responsive #top #wrap_all .flex_cell.av-mmza32-5b6e0d41e8f19b3ff0964584607e5cb4{\npadding:30px 30px 30px 30px !important;\n}\n<\/style>\n<div class='flex_cell av-mmza32-5b6e0d41e8f19b3ff0964584607e5cb4 av-gridrow-cell av_one_fifth no_margin  avia-builder-el-2  el_before_av_cell_three_fifth  avia-builder-el-first '  ><div class='flex_cell_inner'><\/div><\/div>\n<style type=\"text\/css\" data-created_by=\"avia_inline_auto\" id=\"style-css-av-257coe-327540c3e47cd45f3809a081a47b2b1e\">\n.flex_cell.av-257coe-327540c3e47cd45f3809a081a47b2b1e{\nvertical-align:top;\n}\n.responsive #top #wrap_all .flex_cell.av-257coe-327540c3e47cd45f3809a081a47b2b1e{\npadding:30px 30px 30px 30px !important;\n}\n<\/style>\n<div class='flex_cell av-257coe-327540c3e47cd45f3809a081a47b2b1e av-gridrow-cell av_three_fifth no_margin  avia-builder-el-3  el_after_av_cell_one_fifth  el_before_av_cell_one_fifth '  ><div class='flex_cell_inner'><p>\n<style type=\"text\/css\" data-created_by=\"avia_inline_auto\" id=\"style-css-av-ide35q-c6dd6eac92decdb73d75e673c243975c\">\n.flex_column.av-ide35q-c6dd6eac92decdb73d75e673c243975c{\nborder-radius:0px 0px 0px 0px;\npadding:0px 0px 0px 0px;\n}\n<\/style>\n<div  class='flex_column av-ide35q-c6dd6eac92decdb73d75e673c243975c av_one_third  avia-builder-el-4  el_before_av_two_third  avia-builder-el-first  first flex_column_div av-zero-column-padding  '     ><style type=\"text\/css\" data-created_by=\"avia_inline_auto\" id=\"style-css-av-av_image-567b80716976c32f66c643ee05f720fb\">\n.avia-image-container.av-av_image-567b80716976c32f66c643ee05f720fb img.avia_image{\nbox-shadow:none;\n}\n.avia-image-container.av-av_image-567b80716976c32f66c643ee05f720fb .av-image-caption-overlay-center{\ncolor:#ffffff;\n}\n<\/style>\n<div  class='avia-image-container av-av_image-567b80716976c32f66c643ee05f720fb av-styling- avia-align-center  avia-builder-el-5  avia-builder-el-no-sibling '   itemprop=\"image\" itemscope=\"itemscope\" itemtype=\"https:\/\/schema.org\/ImageObject\" ><div class=\"avia-image-container-inner\"><div class=\"avia-image-overlay-wrap\"><img decoding=\"async\" fetchpriority=\"high\" class='wp-image-9032 avia-img-lazy-loading-not-9032 avia_image ' src=\"https:\/\/www.zaberscompetition.lv\/wp-content\/uploads\/2019\/03\/foto_Markovskis-2925.jpg\" alt='' title='foto_Markovskis-2925'  height=\"300\" width=\"300\"  itemprop=\"thumbnailUrl\" srcset=\"https:\/\/www.zaberscompetition.lv\/wp-content\/uploads\/2019\/03\/foto_Markovskis-2925.jpg 300w, https:\/\/www.zaberscompetition.lv\/wp-content\/uploads\/2019\/03\/foto_Markovskis-2925-80x80.jpg 80w, https:\/\/www.zaberscompetition.lv\/wp-content\/uploads\/2019\/03\/foto_Markovskis-2925-36x36.jpg 36w, https:\/\/www.zaberscompetition.lv\/wp-content\/uploads\/2019\/03\/foto_Markovskis-2925-180x180.jpg 180w, https:\/\/www.zaberscompetition.lv\/wp-content\/uploads\/2019\/03\/foto_Markovskis-2925-120x120.jpg 120w\" sizes=\"(max-width: 300px) 100vw, 300px\" \/><\/div><\/div><\/div><\/div>\n<style type=\"text\/css\" data-created_by=\"avia_inline_auto\" id=\"style-css-av-fsd3vy-ce5d232d5a97dcc1db21bfd8e371cf70\">\n.flex_column.av-fsd3vy-ce5d232d5a97dcc1db21bfd8e371cf70{\nborder-radius:0px 0px 0px 0px;\npadding:0px 0px 0px 0px;\n}\n<\/style>\n<div  class='flex_column av-fsd3vy-ce5d232d5a97dcc1db21bfd8e371cf70 av_two_third  avia-builder-el-6  el_after_av_one_third  avia-builder-el-last  flex_column_div av-zero-column-padding  '     ><p>\n<style type=\"text\/css\" data-created_by=\"avia_inline_auto\" id=\"style-css-av-m8ztgjpx-5b5352b188a7f82192ae9488a1b04a23\">\n#top .av-special-heading.av-m8ztgjpx-5b5352b188a7f82192ae9488a1b04a23{\npadding-bottom:10px;\nfont-size:24px;\n}\nbody .av-special-heading.av-m8ztgjpx-5b5352b188a7f82192ae9488a1b04a23 .av-special-heading-tag .heading-char{\nfont-size:25px;\n}\n#top #wrap_all .av-special-heading.av-m8ztgjpx-5b5352b188a7f82192ae9488a1b04a23 .av-special-heading-tag{\nfont-size:24px;\n}\n.av-special-heading.av-m8ztgjpx-5b5352b188a7f82192ae9488a1b04a23 .av-subheading{\nfont-size:15px;\n}\n\n@media only screen and (min-width: 480px) and (max-width: 767px){ \n#top #wrap_all .av-special-heading.av-m8ztgjpx-5b5352b188a7f82192ae9488a1b04a23 .av-special-heading-tag{\nfont-size:0.8em;\n}\n}\n\n@media only screen and (max-width: 479px){ \n#top #wrap_all .av-special-heading.av-m8ztgjpx-5b5352b188a7f82192ae9488a1b04a23 .av-special-heading-tag{\nfont-size:0.8em;\n}\n}\n<\/style>\n<div  class='av-special-heading av-m8ztgjpx-5b5352b188a7f82192ae9488a1b04a23 av-special-heading-h3 meta-heading blockquote modern-quote  avia-builder-el-7  el_before_av_textblock  avia-builder-el-first  av-inherit-size'><h3 class='av-special-heading-tag'  itemprop=\"headline\"  >IEVA PAR\u0160A<\/h3><div class=\"special-heading-border\"><div class=\"special-heading-inner-border\"><\/div><\/div><\/div><br \/>\n<section  class='av_textblock_section av-m8zthjti-2c772aff67f35dda9e55a120144958f7 '   itemscope=\"itemscope\" itemtype=\"https:\/\/schema.org\/CreativeWork\" ><div class='avia_textblock'  itemprop=\"text\" ><h4>Latvian singer<\/h4>\n<p lang=\"lv-LV\" align=\"justify\"><span style=\"font-size: large;\"><span style=\"font-size: medium;\">She was born in Riga, in 1971. While being a student at Riga secondary School Nr\u00a064, she attended the piano playing circle and the drawing studio of Hel\u0113na and Ivars Heinrihsons. She acquired her musical education in choral conducting department, initially, under the supervision of Inta Eizenberga at J\u0101zeps Medi\u0146\u0161 Music Secondary School, then Professor J\u0101nis D\u016bmi\u0146\u0161 at J\u0101zeps V\u012btols Academy of Music. In 1995, she was awarded the Bachelor\u2019s degree. Regarding vocal art, she acquired it under the supervision of Prof. Ludmila Rjabova\u00a0\u2013 Brauna (1996-1998), and in the chamber ensemble class of Maija Kr\u012bgena un P\u0113teris Plakidis (1998-2000), achieving the Master\u2019s degree in 2003. Concurrently, she finished her master\u2019s degree studies in pedagogy at the University of Latvia (1997-1999).<\/span><\/span><\/p>\n<p lang=\"lv-LV\" align=\"justify\"><span style=\"font-size: large;\"><span style=\"font-size: medium;\">Since 2000, she has participated in the stage productions of Latvian National Opera (initially as a choir artist, but since 2008 as a soloist). Predominantly, the repertoire of her roles includes the Russian opera music and the opera music of modern Latvian composers: Olga and the nanny at Yevgeny Onegin and Lyubova at Mazepa by Peter Tchaikovsky, Dunyasha at The Tzar\u2019s Bride by Nikolai Rimsky-Korsakov, Smeraldina at Love For Three Oranges by Sergei Prokofiev, Grieta at The Heiress of Vilkaci by Bruno Skulte, the Mole-cricket at I Played, I Danced by Imants Kalni\u0146\u0161, Mother at Dauka by Andris Dzen\u012btis, Polynesia at The Bird Opera by J\u0101nis L\u016bs\u0113ns, The Black Lady at Mikhail and Mikhail Play Chess by Kristaps P\u0113tersons, Alma at Valentina by Arturs Maskats, the Poetess (Master\u2019s sister) at Walled In by \u0112riks E\u0161envalds, etc.<\/span><\/span><\/p>\n<p lang=\"lv-LV\" align=\"justify\"><span style=\"font-size: large;\"><span style=\"font-size: medium;\">However, one of her most vivid artistic manifestations is exactly the genre of chamber music and renditions of various large scale vocal and instrumental pieces. Predominantly the interpretation of contemporary music and the music of Latvian composers lies at the centre of her attention, yet, she is also willing to sing the baroque and romanticism repertoire, paying great attention to the revelation of text and content. The singer is praised for her subtle sense of style, as well as for her amazing capability to interpret the music of the 20-th century. Many pieces by Latvian composers are dedicated to the voice of Ieva Par\u0161a.<\/span><\/span><\/p>\n<p lang=\"lv-LV\" align=\"justify\"><span style=\"font-size: large;\"><span style=\"font-size: medium;\">She has cooperated with Latvian Radio Choir and State Academic Choir Latvija, the conductors Sigvards K\u013cava, Andris Poga, Ain\u0101rs Rubi\u0137is, M\u0101ris Sirmais, Karel Mark Chichon, Neeme Jarvi etc. She has delivered concerts in Latvia, Lithuania, Estonia, Russia, Germany, France etc.<\/span><\/span><\/p>\n<p lang=\"lv-LV\" align=\"justify\"><span style=\"font-size: large;\"><span style=\"font-size: medium;\">As a vocal coach she started her career at Riga Dome Choir School, but presently is a lecturer at J\u0101zeps V\u012btols Latvia Music Academy.<\/span><\/span><\/p>\n<p lang=\"lv-LV\" align=\"justify\"><span style=\"font-size: large;\"><span style=\"font-size: medium;\">For first performances of solo songs by Latvian composers, especially experimental lyrics, Ieva Par\u0161a has been presented with the Latvian Great Music Award (in 2008).<\/span><\/span><\/p>\n<p>In 2019, she has undertaken the duties of a member of the jury of J\u0101nis Z\u0101bers 1-st International Vocal Competition.<\/p>\n<\/div><\/section><br \/>\n<section  class='av_textblock_section av-b13cam-a9d71fb1f29decc1536e333bac09dabe '   itemscope=\"itemscope\" itemtype=\"https:\/\/schema.org\/CreativeWork\" ><div class='avia_textblock'  itemprop=\"text\" ><\/div><\/section><\/p><\/div><\/p>\n<\/div><\/div>\n<style type=\"text\/css\" data-created_by=\"avia_inline_auto\" id=\"style-css-av-8fufj2-2384c5b451f643988803abe07e894aff\">\n.flex_cell.av-8fufj2-2384c5b451f643988803abe07e894aff{\nvertical-align:top;\n}\n.responsive #top #wrap_all .flex_cell.av-8fufj2-2384c5b451f643988803abe07e894aff{\npadding:30px 30px 30px 30px !important;\n}\n<\/style>\n<div class='flex_cell av-8fufj2-2384c5b451f643988803abe07e894aff av-gridrow-cell av_one_fifth no_margin  avia-builder-el-10  el_after_av_cell_three_fifth  avia-builder-el-last '  ><div class='flex_cell_inner'><\/div><\/div><\/div><div id='av-layout-grid-2'  class='av-layout-grid-container av-82qgse-f86f0851d9f6986f3e949b7d566114cb entry-content-wrapper main_color av-flex-cells  avia-builder-el-11  el_after_av_layout_row  avia-builder-el-last  grid-row-not-first  container_wrap fullsize'  >\n\n<style type=\"text\/css\" data-created_by=\"avia_inline_auto\" id=\"style-css-av-5rpkha-d68dfb85c56054139ecb714746d222a7\">\n.flex_cell.av-5rpkha-d68dfb85c56054139ecb714746d222a7{\nvertical-align:top;\n}\n.responsive #top #wrap_all .flex_cell.av-5rpkha-d68dfb85c56054139ecb714746d222a7{\npadding:30px 30px 30px 30px !important;\n}\n<\/style>\n<div class='flex_cell av-5rpkha-d68dfb85c56054139ecb714746d222a7 av-gridrow-cell av_one_half no_margin  avia-builder-el-12  el_before_av_cell_one_half  avia-builder-el-first '  ><div class='flex_cell_inner'>\n<\/div><\/div>\n<style type=\"text\/css\" data-created_by=\"avia_inline_auto\" id=\"style-css-av-2e350u-3880daf1861e308e6ef012d9e950b98c\">\n.flex_cell.av-2e350u-3880daf1861e308e6ef012d9e950b98c{\nvertical-align:top;\n}\n.responsive #top #wrap_all .flex_cell.av-2e350u-3880daf1861e308e6ef012d9e950b98c{\npadding:30px 30px 30px 30px !important;\n}\n<\/style>\n<div class='flex_cell av-2e350u-3880daf1861e308e6ef012d9e950b98c av-gridrow-cell av_one_half no_margin  avia-builder-el-14  el_after_av_cell_one_half  avia-builder-el-last '  ><div class='flex_cell_inner'><\/div><\/div>\n<\/div><\/p>\n","protected":false},"excerpt":{"rendered":"","protected":false},"author":7,"featured_media":0,"parent":0,"menu_order":0,"comment_status":"closed","ping_status":"closed","template":"","meta":{"_exactmetrics_skip_tracking":false,"_exactmetrics_sitenote_active":false,"_exactmetrics_sitenote_note":"","_exactmetrics_sitenote_category":0,"footnotes":""},"class_list":["post-11805","page","type-page","status-publish","hentry"],"_links":{"self":[{"href":"https:\/\/www.zaberscompetition.lv\/en\/wp-json\/wp\/v2\/pages\/11805","targetHints":{"allow":["GET"]}}],"collection":[{"href":"https:\/\/www.zaberscompetition.lv\/en\/wp-json\/wp\/v2\/pages"}],"about":[{"href":"https:\/\/www.zaberscompetition.lv\/en\/wp-json\/wp\/v2\/types\/page"}],"author":[{"embeddable":true,"href":"https:\/\/www.zaberscompetition.lv\/en\/wp-json\/wp\/v2\/users\/7"}],"replies":[{"embeddable":true,"href":"https:\/\/www.zaberscompetition.lv\/en\/wp-json\/wp\/v2\/comments?post=11805"}],"version-history":[{"count":3,"href":"https:\/\/www.zaberscompetition.lv\/en\/wp-json\/wp\/v2\/pages\/11805\/revisions"}],"predecessor-version":[{"id":12417,"href":"https:\/\/www.zaberscompetition.lv\/en\/wp-json\/wp\/v2\/pages\/11805\/revisions\/12417"}],"wp:attachment":[{"href":"https:\/\/www.zaberscompetition.lv\/en\/wp-json\/wp\/v2\/media?parent=11805"}],"curies":[{"name":"wp","href":"https:\/\/api.w.org\/{rel}","templated":true}]}}