 
            
            

{"id":11792,"date":"2023-04-15T11:23:35","date_gmt":"2023-04-15T09:23:35","guid":{"rendered":"https:\/\/www.zaberscompetition.lv\/?page_id=11792"},"modified":"2025-04-02T13:11:27","modified_gmt":"2025-04-02T11:11:27","slug":"about-us-normunds-vaicis","status":"publish","type":"page","link":"https:\/\/www.zaberscompetition.lv\/en\/about-us-normunds-vaicis\/","title":{"rendered":"About us: Normunds Vaicis"},"content":{"rendered":"\n<style type=\"text\/css\" data-created_by=\"avia_inline_auto\" id=\"style-css-av-av_section-6ef14e517a5abf3de2038b87ffebd975\">\n.avia-section.av-av_section-6ef14e517a5abf3de2038b87ffebd975 .av-section-color-overlay{\nopacity:0.7;\nbackground-color:#eeeeee;\n}\n<\/style>\n<div id='av_section_1'  class='avia-section av-av_section-6ef14e517a5abf3de2038b87ffebd975 main_color avia-section-small avia-no-shadow  avia-builder-el-0  el_before_av_layout_row  avia-builder-el-first  avia-bg-style-scroll av-section-color-overlay-active container_wrap fullsize'  ><div class=\"av-section-color-overlay-wrap\"><div class=\"av-section-color-overlay\"><\/div><div class='container av-section-cont-open' ><main  role=\"main\" itemprop=\"mainContentOfPage\"  class='template-page content  av-content-full alpha units'><div class='post-entry post-entry-type-page post-entry-11792'><div class='entry-content-wrapper clearfix'>\n<\/div><\/div><\/main><!-- close content main element --><\/div><\/div><\/div><div id='separate-contact-page'  class='av-layout-grid-container av-nm9lgh-cf254a4b6090ca8fb76a44008dfadb36 entry-content-wrapper main_color av-flex-cells  avia-builder-el-1  el_after_av_section  el_before_av_layout_row  grid-row-not-first  container_wrap fullsize'  >\n\n<style type=\"text\/css\" data-created_by=\"avia_inline_auto\" id=\"style-css-av-lqklz5-ad3cbaabb002634e8026de2e010156b6\">\n.flex_cell.av-lqklz5-ad3cbaabb002634e8026de2e010156b6{\nvertical-align:top;\n}\n.responsive #top #wrap_all .flex_cell.av-lqklz5-ad3cbaabb002634e8026de2e010156b6{\npadding:30px 30px 30px 30px !important;\n}\n<\/style>\n<div class='flex_cell av-lqklz5-ad3cbaabb002634e8026de2e010156b6 av-gridrow-cell av_one_fifth no_margin  avia-builder-el-2  el_before_av_cell_three_fifth  avia-builder-el-first '  ><div class='flex_cell_inner'><\/div><\/div>\n<style type=\"text\/css\" data-created_by=\"avia_inline_auto\" id=\"style-css-av-k2byzl-4d63ca4c8ae4a4c6e1059ccbbce1d9db\">\n.flex_cell.av-k2byzl-4d63ca4c8ae4a4c6e1059ccbbce1d9db{\nvertical-align:top;\n}\n.responsive #top #wrap_all .flex_cell.av-k2byzl-4d63ca4c8ae4a4c6e1059ccbbce1d9db{\npadding:30px 30px 30px 30px !important;\n}\n<\/style>\n<div class='flex_cell av-k2byzl-4d63ca4c8ae4a4c6e1059ccbbce1d9db av-gridrow-cell av_three_fifth no_margin  avia-builder-el-3  el_after_av_cell_one_fifth  el_before_av_cell_one_fifth '  ><div class='flex_cell_inner'><p>\n<style type=\"text\/css\" data-created_by=\"avia_inline_auto\" id=\"style-css-av-iy4s81-0018d24ac2ce879b3bc48a59d1d56b11\">\n.flex_column.av-iy4s81-0018d24ac2ce879b3bc48a59d1d56b11{\nborder-radius:0px 0px 0px 0px;\npadding:0px 0px 0px 0px;\n}\n<\/style>\n<div  class='flex_column av-iy4s81-0018d24ac2ce879b3bc48a59d1d56b11 av_one_third  avia-builder-el-4  el_before_av_two_third  avia-builder-el-first  first flex_column_div av-zero-column-padding  '     ><style type=\"text\/css\" data-created_by=\"avia_inline_auto\" id=\"style-css-av-av_image-58c5f723e4b8c7361ec83ecb5672796e\">\n.avia-image-container.av-av_image-58c5f723e4b8c7361ec83ecb5672796e img.avia_image{\nbox-shadow:none;\n}\n.avia-image-container.av-av_image-58c5f723e4b8c7361ec83ecb5672796e .av-image-caption-overlay-center{\ncolor:#ffffff;\n}\n<\/style>\n<div  class='avia-image-container av-av_image-58c5f723e4b8c7361ec83ecb5672796e av-styling- avia-align-center  avia-builder-el-5  avia-builder-el-no-sibling '   itemprop=\"image\" itemscope=\"itemscope\" itemtype=\"https:\/\/schema.org\/ImageObject\" ><div class=\"avia-image-container-inner\"><div class=\"avia-image-overlay-wrap\"><img decoding=\"async\" fetchpriority=\"high\" class='wp-image-11788 avia-img-lazy-loading-not-11788 avia_image ' src=\"https:\/\/www.zaberscompetition.lv\/wp-content\/uploads\/2023\/04\/Vaicis_Normunds_1.jpg\" alt='' title='Vaicis_Normunds_1'  height=\"506\" width=\"506\"  itemprop=\"thumbnailUrl\"  \/><\/div><\/div><\/div><\/div>\n<style type=\"text\/css\" data-created_by=\"avia_inline_auto\" id=\"style-css-av-ggr6w1-de7197318aef7132209ad99fcd685d0c\">\n.flex_column.av-ggr6w1-de7197318aef7132209ad99fcd685d0c{\nborder-radius:0px 0px 0px 0px;\npadding:0px 0px 0px 0px;\n}\n<\/style>\n<div  class='flex_column av-ggr6w1-de7197318aef7132209ad99fcd685d0c av_two_third  avia-builder-el-6  el_after_av_one_third  avia-builder-el-last  flex_column_div av-zero-column-padding  '     ><p>\n<style type=\"text\/css\" data-created_by=\"avia_inline_auto\" id=\"style-css-av-m8ztszrz-198deeb20a32feef4182a1fb51cf8c06\">\n#top .av-special-heading.av-m8ztszrz-198deeb20a32feef4182a1fb51cf8c06{\npadding-bottom:10px;\nfont-size:24px;\n}\nbody .av-special-heading.av-m8ztszrz-198deeb20a32feef4182a1fb51cf8c06 .av-special-heading-tag .heading-char{\nfont-size:25px;\n}\n#top #wrap_all .av-special-heading.av-m8ztszrz-198deeb20a32feef4182a1fb51cf8c06 .av-special-heading-tag{\nfont-size:24px;\n}\n.av-special-heading.av-m8ztszrz-198deeb20a32feef4182a1fb51cf8c06 .av-subheading{\nfont-size:15px;\n}\n\n@media only screen and (min-width: 480px) and (max-width: 767px){ \n#top #wrap_all .av-special-heading.av-m8ztszrz-198deeb20a32feef4182a1fb51cf8c06 .av-special-heading-tag{\nfont-size:0.8em;\n}\n}\n\n@media only screen and (max-width: 479px){ \n#top #wrap_all .av-special-heading.av-m8ztszrz-198deeb20a32feef4182a1fb51cf8c06 .av-special-heading-tag{\nfont-size:0.8em;\n}\n}\n<\/style>\n<div  class='av-special-heading av-m8ztszrz-198deeb20a32feef4182a1fb51cf8c06 av-special-heading-h3 meta-heading blockquote modern-quote  avia-builder-el-7  el_before_av_textblock  avia-builder-el-first  av-inherit-size'><h3 class='av-special-heading-tag'  itemprop=\"headline\"  >NORMUNDS VAICIS<\/h3><div class=\"special-heading-border\"><div class=\"special-heading-inner-border\"><\/div><\/div><\/div><br \/>\n<section  class='av_textblock_section av-m8zttq0w-b1849f2b01d3335972715487552dbfe1 '   itemscope=\"itemscope\" itemtype=\"https:\/\/schema.org\/CreativeWork\" ><div class='avia_textblock'  itemprop=\"text\" ><h4>Latvian conductor<\/h4>\n<p>Born in 1963. Studied at the Em\u012blas D\u0101rzi\u0146\u0161 Music School and then studied opera and symphony orchestra conducting at the J\u0101zeps V\u012btolas Latvian State Conservatory (now the Academy of Music) under Vasilij Sinaiskis and Rihards Gl\u0101zups. He improved his knowledge with I\u013cja Musins and Jurijs Simonovs. He first joined the Latvian National Opera in 1990 and is one of the most experienced conductors of this opera house. He has been working as a freelancer since 2022.<\/p>\n<p>Normunds Vaicis cooperates with symphony orchestras in Latvia, Lithuania and Estonia. Under his leadership, new works by several Latvian composers, including P\u0113teris Vasks, Imants Kalni\u0146\u0161, Art\u016brs Maskats and Ilona Bre\u0123e, were premiered and recorded. Many concerts conducted by Normunds Vaicis have been broadcast on Latvian Radio and Latvian Television, as well as Euro Radio.<\/p>\n<p>Normunds Vaicis has participated in the Mstislav Rostropovich Cello Festival in Riga, the Verdi Opera Festival at the Estonian National Opera, the Dalhalla Festival in Sweden, as well as festivals in Finland, France and Spain. He has performed in Germany, Italy, Belgium, Poland, Russia, China and other places.<\/p>\n<\/div><\/section><br \/>\n<section  class='av_textblock_section av-avpr1t-f12648744846a4d6bebdd67889d89848 '   itemscope=\"itemscope\" itemtype=\"https:\/\/schema.org\/CreativeWork\" ><div class='avia_textblock'  itemprop=\"text\" ><\/div><\/section><\/p><\/div><\/p>\n<\/div><\/div>\n<style type=\"text\/css\" data-created_by=\"avia_inline_auto\" id=\"style-css-av-8k7pgh-3d64457ece7130dfc594824a8dffb124\">\n.flex_cell.av-8k7pgh-3d64457ece7130dfc594824a8dffb124{\nvertical-align:top;\n}\n.responsive #top #wrap_all .flex_cell.av-8k7pgh-3d64457ece7130dfc594824a8dffb124{\npadding:30px 30px 30px 30px !important;\n}\n<\/style>\n<div class='flex_cell av-8k7pgh-3d64457ece7130dfc594824a8dffb124 av-gridrow-cell av_one_fifth no_margin  avia-builder-el-10  el_after_av_cell_three_fifth  avia-builder-el-last '  ><div class='flex_cell_inner'><\/div><\/div><\/div><div id='av-layout-grid-2'  class='av-layout-grid-container av-71v1n5-cd71ddf404eb54f4681252f2a926b662 entry-content-wrapper main_color av-flex-cells  avia-builder-el-11  el_after_av_layout_row  avia-builder-el-last  grid-row-not-first  container_wrap fullsize'  >\n\n<style type=\"text\/css\" data-created_by=\"avia_inline_auto\" id=\"style-css-av-5vdc75-badd4db149a72e43bbde2ac3facb45d4\">\n.flex_cell.av-5vdc75-badd4db149a72e43bbde2ac3facb45d4{\nvertical-align:top;\n}\n.responsive #top #wrap_all .flex_cell.av-5vdc75-badd4db149a72e43bbde2ac3facb45d4{\npadding:30px 30px 30px 30px !important;\n}\n<\/style>\n<div class='flex_cell av-5vdc75-badd4db149a72e43bbde2ac3facb45d4 av-gridrow-cell av_one_half no_margin  avia-builder-el-12  el_before_av_cell_one_half  avia-builder-el-first '  ><div class='flex_cell_inner'>\n<\/div><\/div>\n<style type=\"text\/css\" data-created_by=\"avia_inline_auto\" id=\"style-css-av-2okbm9-9a0574bb270708b96f9fc652eef5a195\">\n.flex_cell.av-2okbm9-9a0574bb270708b96f9fc652eef5a195{\nvertical-align:top;\n}\n.responsive #top #wrap_all .flex_cell.av-2okbm9-9a0574bb270708b96f9fc652eef5a195{\npadding:30px 30px 30px 30px !important;\n}\n<\/style>\n<div class='flex_cell av-2okbm9-9a0574bb270708b96f9fc652eef5a195 av-gridrow-cell av_one_half no_margin  avia-builder-el-14  el_after_av_cell_one_half  avia-builder-el-last '  ><div class='flex_cell_inner'><\/div><\/div>\n<\/div><\/p>\n","protected":false},"excerpt":{"rendered":"","protected":false},"author":7,"featured_media":0,"parent":0,"menu_order":0,"comment_status":"closed","ping_status":"closed","template":"","meta":{"_exactmetrics_skip_tracking":false,"_exactmetrics_sitenote_active":false,"_exactmetrics_sitenote_note":"","_exactmetrics_sitenote_category":0,"footnotes":""},"class_list":["post-11792","page","type-page","status-publish","hentry"],"_links":{"self":[{"href":"https:\/\/www.zaberscompetition.lv\/en\/wp-json\/wp\/v2\/pages\/11792","targetHints":{"allow":["GET"]}}],"collection":[{"href":"https:\/\/www.zaberscompetition.lv\/en\/wp-json\/wp\/v2\/pages"}],"about":[{"href":"https:\/\/www.zaberscompetition.lv\/en\/wp-json\/wp\/v2\/types\/page"}],"author":[{"embeddable":true,"href":"https:\/\/www.zaberscompetition.lv\/en\/wp-json\/wp\/v2\/users\/7"}],"replies":[{"embeddable":true,"href":"https:\/\/www.zaberscompetition.lv\/en\/wp-json\/wp\/v2\/comments?post=11792"}],"version-history":[{"count":4,"href":"https:\/\/www.zaberscompetition.lv\/en\/wp-json\/wp\/v2\/pages\/11792\/revisions"}],"predecessor-version":[{"id":12430,"href":"https:\/\/www.zaberscompetition.lv\/en\/wp-json\/wp\/v2\/pages\/11792\/revisions\/12430"}],"wp:attachment":[{"href":"https:\/\/www.zaberscompetition.lv\/en\/wp-json\/wp\/v2\/media?parent=11792"}],"curies":[{"name":"wp","href":"https:\/\/api.w.org\/{rel}","templated":true}]}}