 
            
            

{"id":11461,"date":"2022-09-13T21:00:13","date_gmt":"2022-09-13T19:00:13","guid":{"rendered":"https:\/\/www.zaberscompetition.lv\/?page_id=11461"},"modified":"2022-10-17T09:36:39","modified_gmt":"2022-10-17T07:36:39","slug":"results-2","status":"publish","type":"page","link":"https:\/\/www.zaberscompetition.lv\/en\/results-2\/","title":{"rendered":"Results 2022"},"content":{"rendered":"\n<style type=\"text\/css\" data-created_by=\"avia_inline_auto\" id=\"style-css-av-av_section-914867c233cbb00f93b716bccedef45b\">\n.avia-section.av-av_section-914867c233cbb00f93b716bccedef45b .av-section-color-overlay{\nopacity:0.7;\nbackground-color:#eeeeee;\n}\n<\/style>\n<div id='izdziedi-vasaru-header'  class='avia-section av-av_section-914867c233cbb00f93b716bccedef45b main_color avia-section-huge avia-no-border-styling  avia-builder-el-0  el_before_av_one_full  avia-builder-el-first  avia-bg-style-parallax av-section-color-overlay-active container_wrap fullsize'  ><div class=\"av-section-color-overlay-wrap\"><div class=\"av-section-color-overlay\"><\/div><div class='container av-section-cont-open' ><main  role=\"main\" itemprop=\"mainContentOfPage\"  class='template-page content  av-content-full alpha units'><div class='post-entry post-entry-type-page post-entry-11461'><div class='entry-content-wrapper clearfix'>\n\n<style type=\"text\/css\" data-created_by=\"avia_inline_auto\" id=\"style-css-av-av_heading-d413c719858f685e370ba9de9bd63f41\">\n#top .av-special-heading.av-av_heading-d413c719858f685e370ba9de9bd63f41{\npadding-bottom:10px;\n}\nbody .av-special-heading.av-av_heading-d413c719858f685e370ba9de9bd63f41 .av-special-heading-tag .heading-char{\nfont-size:25px;\n}\n.av-special-heading.av-av_heading-d413c719858f685e370ba9de9bd63f41 .av-subheading{\nfont-size:15px;\n}\n<\/style>\n<div  class='av-special-heading av-av_heading-d413c719858f685e370ba9de9bd63f41 av-special-heading-h1  avia-builder-el-1  avia-builder-el-no-sibling '><h1 class='av-special-heading-tag'  itemprop=\"headline\"  >RESULTS<\/h1><div class=\"special-heading-border\"><div class=\"special-heading-inner-border\"><\/div><\/div><\/div>\n<\/div><\/div><\/main><!-- close content main element --><\/div><\/div><\/div><div id='after_section_1'  class='main_color av_default_container_wrap container_wrap fullsize'  ><div class='container av-section-cont-open' ><div class='template-page content  av-content-full alpha units'><div class='post-entry post-entry-type-page post-entry-11461'><div class='entry-content-wrapper clearfix'>\n\n<style type=\"text\/css\" data-created_by=\"avia_inline_auto\" id=\"style-css-av-av_one_full-15d750bd1b332b34c6e70b077ebbccdf\">\n.flex_column.av-av_one_full-15d750bd1b332b34c6e70b077ebbccdf{\nborder-radius:0px 0px 0px 0px;\npadding:0px 0px 0px 0px;\n}\n<\/style>\n<div  class='flex_column av-av_one_full-15d750bd1b332b34c6e70b077ebbccdf av_one_full  avia-builder-el-2  el_after_av_section  avia-builder-el-no-sibling  first flex_column_div av-zero-column-padding  '     ><section  class='av_textblock_section av-av_textblock-2bd894dbf2e4bf2c4acf98ce4fbf94aa '   itemscope=\"itemscope\" itemtype=\"https:\/\/schema.org\/CreativeWork\" ><div class='avia_textblock'  itemprop=\"text\" ><p><strong>Winners of the II competition 2022:<\/strong><\/p>\n<p><strong>2nd place \u2013 Inna Safronova \/Russia\/ and Adam Nadler \/Slovakia\/<\/strong><\/p>\n<p><strong>3rd place \u2013 Et\u012bna Em\u012blija Saul\u012bte \/Latvia\/<\/strong><\/p>\n<p><strong>Special recognitions received:<\/strong><\/p>\n<ul>\n<li><strong>Germans Miro\u0146enko as the youngest participant of the competition,<\/strong><\/li>\n<li><strong>Inna Safronova as the foreign participant doing the best performance of an Latvian song,<\/strong><\/li>\n<li><strong>Ella El\u012bze Vi\u013cumsone for the best performance of Arv\u012bds \u017dilinski\u2019s children\u2019s song,<\/strong><\/li>\n<li><strong>Adam Nadler as the best interpretation of all songs.<\/strong><\/li>\n<\/ul>\n<p><strong>For the final of the competition nominated:<\/strong><\/p>\n<p><strong>1. Germans Miro\u0146enko<\/strong><br \/>\n<strong>2. Annaliis Telgmaa<\/strong><br \/>\n<strong>3. Et\u012bna Em\u012blija Saul\u012bte<\/strong><br \/>\n<strong>4. Inna Safronova<\/strong><br \/>\n<strong>5. Marl\u0113na Keine<\/strong><br \/>\n<strong>6. Adam N\u00e1dler<\/strong><\/p>\n<p><strong>For the semi-final of the competition nominated:<\/strong><\/p>\n<ol>\n<li><strong>Germans Miro\u0146enko<\/strong><\/li>\n<li><strong>Ella El\u012bze Vi\u013cumsone<\/strong><\/li>\n<li><strong>Annaliis Telgmaa<\/strong><\/li>\n<li><strong>Et\u012bna Em\u012blija Saul\u012bte<\/strong><\/li>\n<li><strong>Inna Safronova<\/strong><\/li>\n<li><strong>Marl\u0113na Keine<\/strong><\/li>\n<li><strong>Kitija Min\u0101te<\/strong><\/li>\n<li><strong>Anna Amanda Stolere<\/strong><\/li>\n<li><strong>Adam N\u00e1dler<\/strong><\/li>\n<\/ol>\n<\/div><\/section><\/div>\n","protected":false},"excerpt":{"rendered":"","protected":false},"author":7,"featured_media":0,"parent":0,"menu_order":0,"comment_status":"open","ping_status":"closed","template":"","meta":{"_exactmetrics_skip_tracking":false,"_exactmetrics_sitenote_active":false,"_exactmetrics_sitenote_note":"","_exactmetrics_sitenote_category":0,"footnotes":""},"class_list":["post-11461","page","type-page","status-publish","hentry"],"_links":{"self":[{"href":"https:\/\/www.zaberscompetition.lv\/en\/wp-json\/wp\/v2\/pages\/11461","targetHints":{"allow":["GET"]}}],"collection":[{"href":"https:\/\/www.zaberscompetition.lv\/en\/wp-json\/wp\/v2\/pages"}],"about":[{"href":"https:\/\/www.zaberscompetition.lv\/en\/wp-json\/wp\/v2\/types\/page"}],"author":[{"embeddable":true,"href":"https:\/\/www.zaberscompetition.lv\/en\/wp-json\/wp\/v2\/users\/7"}],"replies":[{"embeddable":true,"href":"https:\/\/www.zaberscompetition.lv\/en\/wp-json\/wp\/v2\/comments?post=11461"}],"version-history":[{"count":9,"href":"https:\/\/www.zaberscompetition.lv\/en\/wp-json\/wp\/v2\/pages\/11461\/revisions"}],"predecessor-version":[{"id":11757,"href":"https:\/\/www.zaberscompetition.lv\/en\/wp-json\/wp\/v2\/pages\/11461\/revisions\/11757"}],"wp:attachment":[{"href":"https:\/\/www.zaberscompetition.lv\/en\/wp-json\/wp\/v2\/media?parent=11461"}],"curies":[{"name":"wp","href":"https:\/\/api.w.org\/{rel}","templated":true}]}}