 
            
            

{"id":10799,"date":"2021-05-16T19:56:34","date_gmt":"2021-05-16T17:56:34","guid":{"rendered":"https:\/\/www.zaberscompetition.lv\/?page_id=10799"},"modified":"2025-04-02T13:06:54","modified_gmt":"2025-04-02T11:06:54","slug":"about-us-irina-gavrilovici","status":"publish","type":"page","link":"https:\/\/www.zaberscompetition.lv\/en\/about-us-irina-gavrilovici\/","title":{"rendered":"About us: Irina Gavrilovici"},"content":{"rendered":"\n<style type=\"text\/css\" data-created_by=\"avia_inline_auto\" id=\"style-css-av-av_section-6ef14e517a5abf3de2038b87ffebd975\">\n.avia-section.av-av_section-6ef14e517a5abf3de2038b87ffebd975 .av-section-color-overlay{\nopacity:0.7;\nbackground-color:#eeeeee;\n}\n<\/style>\n<div id='av_section_1'  class='avia-section av-av_section-6ef14e517a5abf3de2038b87ffebd975 main_color avia-section-small avia-no-shadow  avia-builder-el-0  el_before_av_layout_row  avia-builder-el-first  avia-bg-style-scroll av-section-color-overlay-active container_wrap fullsize'  ><div class=\"av-section-color-overlay-wrap\"><div class=\"av-section-color-overlay\"><\/div><div class='container av-section-cont-open' ><main  role=\"main\" itemprop=\"mainContentOfPage\"  class='template-page content  av-content-full alpha units'><div class='post-entry post-entry-type-page post-entry-10799'><div class='entry-content-wrapper clearfix'>\n<\/div><\/div><\/main><!-- close content main element --><\/div><\/div><\/div><div id='separate-contact-page'  class='av-layout-grid-container av-nm9lgh-cf254a4b6090ca8fb76a44008dfadb36 entry-content-wrapper main_color av-flex-cells  avia-builder-el-1  el_after_av_section  el_before_av_layout_row  grid-row-not-first  container_wrap fullsize'  >\n\n<style type=\"text\/css\" data-created_by=\"avia_inline_auto\" id=\"style-css-av-lqklz5-ad3cbaabb002634e8026de2e010156b6\">\n.flex_cell.av-lqklz5-ad3cbaabb002634e8026de2e010156b6{\nvertical-align:top;\n}\n.responsive #top #wrap_all .flex_cell.av-lqklz5-ad3cbaabb002634e8026de2e010156b6{\npadding:30px 30px 30px 30px !important;\n}\n<\/style>\n<div class='flex_cell av-lqklz5-ad3cbaabb002634e8026de2e010156b6 av-gridrow-cell av_one_fifth no_margin  avia-builder-el-2  el_before_av_cell_three_fifth  avia-builder-el-first '  ><div class='flex_cell_inner'><\/div><\/div>\n<style type=\"text\/css\" data-created_by=\"avia_inline_auto\" id=\"style-css-av-k2byzl-4d63ca4c8ae4a4c6e1059ccbbce1d9db\">\n.flex_cell.av-k2byzl-4d63ca4c8ae4a4c6e1059ccbbce1d9db{\nvertical-align:top;\n}\n.responsive #top #wrap_all .flex_cell.av-k2byzl-4d63ca4c8ae4a4c6e1059ccbbce1d9db{\npadding:30px 30px 30px 30px !important;\n}\n<\/style>\n<div class='flex_cell av-k2byzl-4d63ca4c8ae4a4c6e1059ccbbce1d9db av-gridrow-cell av_three_fifth no_margin  avia-builder-el-3  el_after_av_cell_one_fifth  el_before_av_cell_one_fifth '  ><div class='flex_cell_inner'><p>\n<style type=\"text\/css\" data-created_by=\"avia_inline_auto\" id=\"style-css-av-iy4s81-0018d24ac2ce879b3bc48a59d1d56b11\">\n.flex_column.av-iy4s81-0018d24ac2ce879b3bc48a59d1d56b11{\nborder-radius:0px 0px 0px 0px;\npadding:0px 0px 0px 0px;\n}\n<\/style>\n<div  class='flex_column av-iy4s81-0018d24ac2ce879b3bc48a59d1d56b11 av_one_third  avia-builder-el-4  el_before_av_two_third  avia-builder-el-first  first flex_column_div av-zero-column-padding  '     ><style type=\"text\/css\" data-created_by=\"avia_inline_auto\" id=\"style-css-av-av_image-1e7cac820fa15256507293454e0146c2\">\n.avia-image-container.av-av_image-1e7cac820fa15256507293454e0146c2 img.avia_image{\nbox-shadow:none;\n}\n.avia-image-container.av-av_image-1e7cac820fa15256507293454e0146c2 .av-image-caption-overlay-center{\ncolor:#ffffff;\n}\n<\/style>\n<div  class='avia-image-container av-av_image-1e7cac820fa15256507293454e0146c2 av-styling- avia-align-center  avia-builder-el-5  avia-builder-el-no-sibling '   itemprop=\"image\" itemscope=\"itemscope\" itemtype=\"https:\/\/schema.org\/ImageObject\" ><div class=\"avia-image-container-inner\"><div class=\"avia-image-overlay-wrap\"><img decoding=\"async\" fetchpriority=\"high\" class='wp-image-10362 avia-img-lazy-loading-not-10362 avia_image ' src=\"https:\/\/www.zaberscompetition.lv\/wp-content\/uploads\/2021\/03\/DSC_0016-33-300x300.jpg\" alt='' title='DSC_0016 33'  height=\"300\" width=\"300\"  itemprop=\"thumbnailUrl\" srcset=\"https:\/\/www.zaberscompetition.lv\/wp-content\/uploads\/2021\/03\/DSC_0016-33-300x300.jpg 300w, https:\/\/www.zaberscompetition.lv\/wp-content\/uploads\/2021\/03\/DSC_0016-33-80x80.jpg 80w, https:\/\/www.zaberscompetition.lv\/wp-content\/uploads\/2021\/03\/DSC_0016-33-36x36.jpg 36w, https:\/\/www.zaberscompetition.lv\/wp-content\/uploads\/2021\/03\/DSC_0016-33-180x180.jpg 180w, https:\/\/www.zaberscompetition.lv\/wp-content\/uploads\/2021\/03\/DSC_0016-33-120x120.jpg 120w, https:\/\/www.zaberscompetition.lv\/wp-content\/uploads\/2021\/03\/DSC_0016-33.jpg 420w\" sizes=\"(max-width: 300px) 100vw, 300px\" \/><\/div><\/div><\/div><\/div>\n<style type=\"text\/css\" data-created_by=\"avia_inline_auto\" id=\"style-css-av-ggr6w1-de7197318aef7132209ad99fcd685d0c\">\n.flex_column.av-ggr6w1-de7197318aef7132209ad99fcd685d0c{\nborder-radius:0px 0px 0px 0px;\npadding:0px 0px 0px 0px;\n}\n<\/style>\n<div  class='flex_column av-ggr6w1-de7197318aef7132209ad99fcd685d0c av_two_third  avia-builder-el-6  el_after_av_one_third  avia-builder-el-last  flex_column_div av-zero-column-padding  '     ><p>\n<style type=\"text\/css\" data-created_by=\"avia_inline_auto\" id=\"style-css-av-m8ztn208-ec7f05ca02540674c81f32ce7cbd3a66\">\n#top .av-special-heading.av-m8ztn208-ec7f05ca02540674c81f32ce7cbd3a66{\npadding-bottom:10px;\nfont-size:24px;\n}\nbody .av-special-heading.av-m8ztn208-ec7f05ca02540674c81f32ce7cbd3a66 .av-special-heading-tag .heading-char{\nfont-size:25px;\n}\n#top #wrap_all .av-special-heading.av-m8ztn208-ec7f05ca02540674c81f32ce7cbd3a66 .av-special-heading-tag{\nfont-size:24px;\n}\n.av-special-heading.av-m8ztn208-ec7f05ca02540674c81f32ce7cbd3a66 .av-subheading{\nfont-size:15px;\n}\n\n@media only screen and (min-width: 480px) and (max-width: 767px){ \n#top #wrap_all .av-special-heading.av-m8ztn208-ec7f05ca02540674c81f32ce7cbd3a66 .av-special-heading-tag{\nfont-size:0.8em;\n}\n}\n\n@media only screen and (max-width: 479px){ \n#top #wrap_all .av-special-heading.av-m8ztn208-ec7f05ca02540674c81f32ce7cbd3a66 .av-special-heading-tag{\nfont-size:0.8em;\n}\n}\n<\/style>\n<div  class='av-special-heading av-m8ztn208-ec7f05ca02540674c81f32ce7cbd3a66 av-special-heading-h3 meta-heading blockquote modern-quote  avia-builder-el-7  el_before_av_textblock  avia-builder-el-first  av-inherit-size'><h3 class='av-special-heading-tag'  itemprop=\"headline\"  >IRINA GAVRILOVICI<\/h3><div class=\"special-heading-border\"><div class=\"special-heading-inner-border\"><\/div><\/div><\/div><br \/>\n<section  class='av_textblock_section av-m8ztnvq7-2bb6fa59f37658d9f268aa9f1e1f7d06 '   itemscope=\"itemscope\" itemtype=\"https:\/\/schema.org\/CreativeWork\" ><div class='avia_textblock'  itemprop=\"text\" ><h4>Romanian vocal teacher<\/h4>\n<p lang=\"lv-LV\" align=\"justify\"><span style=\"font-size: large;\"><span style=\"font-size: medium;\">Born and raised in Romania. She studied piano and singing in the Italian school traditions at L. Boicescu-Grosowscaja at the Bucharest University of Music. There, until she emigrated to Austria in 1986, she was a teacher. Both in Vienna and in Helsinki (2000), she founded singing studios becoming a vocal teacher of El\u012bna Garan\u010da, Inga Kalna, Egils Sili\u0146\u0161, Lilli Paasikivi, Topi Lehtipu, Mika Pohjonen, Jenny Carlstedt, Martin Achrainer, Katrin Adel, Johanna Russanen and many other notable singers.<\/span><\/span><\/p>\n<p lang=\"lv-LV\" align=\"justify\"><span style=\"font-size: large;\"><span style=\"font-size: medium;\">She has worked as a vocal consultant at the Latvian National Opera (1997-2001) and the Finnish National Opera (2002-2020). She has served on the juries of several International Vocal Competitions and has lead master classes in Rome (Italy), Sofia (Bulgaria), Mellristadt (Germany), Kangasniemi and Turku (Finland), Riga and Ventspils (Latvia), Irkutsk (Russia), Linz (Austria) and the Academia Segesara in Romania. She has also been a rapporteur at the<br \/>\n5th International Congress of Voice Teachers in Helsinki.<\/span><\/span><\/p>\n<\/div><\/section><br \/>\n<section  class='av_textblock_section av-avpr1t-f12648744846a4d6bebdd67889d89848 '   itemscope=\"itemscope\" itemtype=\"https:\/\/schema.org\/CreativeWork\" ><div class='avia_textblock'  itemprop=\"text\" ><\/div><\/section><\/p><\/div><\/p>\n<\/div><\/div>\n<style type=\"text\/css\" data-created_by=\"avia_inline_auto\" id=\"style-css-av-8k7pgh-3d64457ece7130dfc594824a8dffb124\">\n.flex_cell.av-8k7pgh-3d64457ece7130dfc594824a8dffb124{\nvertical-align:top;\n}\n.responsive #top #wrap_all .flex_cell.av-8k7pgh-3d64457ece7130dfc594824a8dffb124{\npadding:30px 30px 30px 30px !important;\n}\n<\/style>\n<div class='flex_cell av-8k7pgh-3d64457ece7130dfc594824a8dffb124 av-gridrow-cell av_one_fifth no_margin  avia-builder-el-10  el_after_av_cell_three_fifth  avia-builder-el-last '  ><div class='flex_cell_inner'><\/div><\/div><\/div><div id='av-layout-grid-2'  class='av-layout-grid-container av-71v1n5-cd71ddf404eb54f4681252f2a926b662 entry-content-wrapper main_color av-flex-cells  avia-builder-el-11  el_after_av_layout_row  avia-builder-el-last  grid-row-not-first  container_wrap fullsize'  >\n\n<style type=\"text\/css\" data-created_by=\"avia_inline_auto\" id=\"style-css-av-5vdc75-badd4db149a72e43bbde2ac3facb45d4\">\n.flex_cell.av-5vdc75-badd4db149a72e43bbde2ac3facb45d4{\nvertical-align:top;\n}\n.responsive #top #wrap_all .flex_cell.av-5vdc75-badd4db149a72e43bbde2ac3facb45d4{\npadding:30px 30px 30px 30px !important;\n}\n<\/style>\n<div class='flex_cell av-5vdc75-badd4db149a72e43bbde2ac3facb45d4 av-gridrow-cell av_one_half no_margin  avia-builder-el-12  el_before_av_cell_one_half  avia-builder-el-first '  ><div class='flex_cell_inner'>\n<\/div><\/div>\n<style type=\"text\/css\" data-created_by=\"avia_inline_auto\" id=\"style-css-av-2okbm9-9a0574bb270708b96f9fc652eef5a195\">\n.flex_cell.av-2okbm9-9a0574bb270708b96f9fc652eef5a195{\nvertical-align:top;\n}\n.responsive #top #wrap_all .flex_cell.av-2okbm9-9a0574bb270708b96f9fc652eef5a195{\npadding:30px 30px 30px 30px !important;\n}\n<\/style>\n<div class='flex_cell av-2okbm9-9a0574bb270708b96f9fc652eef5a195 av-gridrow-cell av_one_half no_margin  avia-builder-el-14  el_after_av_cell_one_half  avia-builder-el-last '  ><div class='flex_cell_inner'><\/div><\/div>\n<\/div><\/p>\n","protected":false},"excerpt":{"rendered":"","protected":false},"author":7,"featured_media":0,"parent":0,"menu_order":0,"comment_status":"closed","ping_status":"closed","template":"","meta":{"_exactmetrics_skip_tracking":false,"_exactmetrics_sitenote_active":false,"_exactmetrics_sitenote_note":"","_exactmetrics_sitenote_category":0,"footnotes":""},"class_list":["post-10799","page","type-page","status-publish","hentry"],"_links":{"self":[{"href":"https:\/\/www.zaberscompetition.lv\/en\/wp-json\/wp\/v2\/pages\/10799","targetHints":{"allow":["GET"]}}],"collection":[{"href":"https:\/\/www.zaberscompetition.lv\/en\/wp-json\/wp\/v2\/pages"}],"about":[{"href":"https:\/\/www.zaberscompetition.lv\/en\/wp-json\/wp\/v2\/types\/page"}],"author":[{"embeddable":true,"href":"https:\/\/www.zaberscompetition.lv\/en\/wp-json\/wp\/v2\/users\/7"}],"replies":[{"embeddable":true,"href":"https:\/\/www.zaberscompetition.lv\/en\/wp-json\/wp\/v2\/comments?post=10799"}],"version-history":[{"count":7,"href":"https:\/\/www.zaberscompetition.lv\/en\/wp-json\/wp\/v2\/pages\/10799\/revisions"}],"predecessor-version":[{"id":12421,"href":"https:\/\/www.zaberscompetition.lv\/en\/wp-json\/wp\/v2\/pages\/10799\/revisions\/12421"}],"wp:attachment":[{"href":"https:\/\/www.zaberscompetition.lv\/en\/wp-json\/wp\/v2\/media?parent=10799"}],"curies":[{"name":"wp","href":"https:\/\/api.w.org\/{rel}","templated":true}]}}