 
            
            

{"id":10661,"date":"2021-04-25T18:31:08","date_gmt":"2021-04-25T16:31:08","guid":{"rendered":"https:\/\/www.zaberscompetition.lv\/?page_id=10661"},"modified":"2021-06-22T20:24:30","modified_gmt":"2021-06-22T18:24:30","slug":"results","status":"publish","type":"page","link":"https:\/\/www.zaberscompetition.lv\/en\/results\/","title":{"rendered":"Results 2019"},"content":{"rendered":"\n<style type=\"text\/css\" data-created_by=\"avia_inline_auto\" id=\"style-css-av-av_section-914867c233cbb00f93b716bccedef45b\">\n.avia-section.av-av_section-914867c233cbb00f93b716bccedef45b .av-section-color-overlay{\nopacity:0.7;\nbackground-color:#eeeeee;\n}\n<\/style>\n<div id='izdziedi-vasaru-header'  class='avia-section av-av_section-914867c233cbb00f93b716bccedef45b main_color avia-section-huge avia-no-border-styling  avia-builder-el-0  el_before_av_one_full  avia-builder-el-first  avia-bg-style-parallax av-section-color-overlay-active container_wrap fullsize'  ><div class=\"av-section-color-overlay-wrap\"><div class=\"av-section-color-overlay\"><\/div><div class='container av-section-cont-open' ><main  role=\"main\" itemprop=\"mainContentOfPage\"  class='template-page content  av-content-full alpha units'><div class='post-entry post-entry-type-page post-entry-10661'><div class='entry-content-wrapper clearfix'>\n\n<style type=\"text\/css\" data-created_by=\"avia_inline_auto\" id=\"style-css-av-av_heading-d413c719858f685e370ba9de9bd63f41\">\n#top .av-special-heading.av-av_heading-d413c719858f685e370ba9de9bd63f41{\npadding-bottom:10px;\n}\nbody .av-special-heading.av-av_heading-d413c719858f685e370ba9de9bd63f41 .av-special-heading-tag .heading-char{\nfont-size:25px;\n}\n.av-special-heading.av-av_heading-d413c719858f685e370ba9de9bd63f41 .av-subheading{\nfont-size:15px;\n}\n<\/style>\n<div  class='av-special-heading av-av_heading-d413c719858f685e370ba9de9bd63f41 av-special-heading-h1  avia-builder-el-1  avia-builder-el-no-sibling '><h1 class='av-special-heading-tag'  itemprop=\"headline\"  >RESULTS<\/h1><div class=\"special-heading-border\"><div class=\"special-heading-inner-border\"><\/div><\/div><\/div>\n<\/div><\/div><\/main><!-- close content main element --><\/div><\/div><\/div><div id='after_section_1'  class='main_color av_default_container_wrap container_wrap fullsize'  ><div class='container av-section-cont-open' ><div class='template-page content  av-content-full alpha units'><div class='post-entry post-entry-type-page post-entry-10661'><div class='entry-content-wrapper clearfix'>\n\n<style type=\"text\/css\" data-created_by=\"avia_inline_auto\" id=\"style-css-av-av_one_full-15d750bd1b332b34c6e70b077ebbccdf\">\n.flex_column.av-av_one_full-15d750bd1b332b34c6e70b077ebbccdf{\nborder-radius:0px 0px 0px 0px;\npadding:0px 0px 0px 0px;\n}\n<\/style>\n<div  class='flex_column av-av_one_full-15d750bd1b332b34c6e70b077ebbccdf av_one_full  avia-builder-el-2  el_after_av_section  avia-builder-el-no-sibling  first flex_column_div av-zero-column-padding  '     ><section  class='av_textblock_section av-av_textblock-2bd894dbf2e4bf2c4acf98ce4fbf94aa '   itemscope=\"itemscope\" itemtype=\"https:\/\/schema.org\/CreativeWork\" ><div class='avia_textblock'  itemprop=\"text\" ><p><strong><u>Winners of the I competition 2019:<\/u><\/strong><\/p>\n<p>Grand Prix and the 1st place &#8211; Tanja Ruzdjak \/ Croatia, 86 points \/<\/p>\n<p>2nd place &#8211; Daniils Kuzmins \/ Latvia, 83 points \/<\/p>\n<p>3rd place &#8211; Silvars Ritvars Malcenieks \/ Latvia, 80 points \/<\/p>\n<p>Special recognitions received:<\/p>\n<ul>\n<li>Justine Spro\u0123e as the youngest participant of the competition<\/li>\n<li>Annaliis Telgmaa as the best of all foreign participant performing song in Latvian<\/li>\n<li>Alise Kristi\u0101na Sebre for the best performance of Arv\u012bds \u017dilinski&#8217;s children&#8217;s song.<\/li>\n<li>J\u0101nis Karpovi\u010ds as the best pianist of the competition.<\/li>\n<\/ul>\n<p><strong><u>For the final of the I competition 2019 nominated:<\/u><\/strong><\/p>\n<p>1.Piiroja Silver<br \/>\n2.Malcenieks Silvars Ritvars<br \/>\n3.Priedkalne Krist\u012bne<br \/>\n4.Ka\u0161s Herberts<br \/>\n5.Sebre Alise Kristi\u0101na<br \/>\n6.Kuzmins Daniils<br \/>\n7.Telgmaa Annaliis<br \/>\n8.Krilova Sab\u012bne<br \/>\n9.Ruzdjak Tanja<\/p>\n<p><strong><u>For the semi-final of the I competition 2019 nominated:<\/u><\/strong><\/p>\n<p>1.Piiroja Silver<br \/>\n2.Malcenieks Silvars Ritvars<br \/>\n3.Saul\u012bte Et\u012bna Em\u012blija<br \/>\n4.Priedkalne Krist\u012bne<br \/>\n5.Sili\u0146a Elizabete<br \/>\n6.Ka\u0161s Herberts<br \/>\n7.Vernere Nat\u0101lija<br \/>\n8.Sebre Alise Kristi\u0101na<br \/>\n9.Kuzmins Daniils<br \/>\n10.Telgmaa Annaliis<br \/>\n11.Krilova Sab\u012bne<br \/>\n12.Ignatova Ludmila<br \/>\n13.Aleksandrs Klements<br \/>\n14.Ruzdjak Tanja<\/p>\n<\/div><\/section><\/div>\n","protected":false},"excerpt":{"rendered":"","protected":false},"author":7,"featured_media":0,"parent":0,"menu_order":0,"comment_status":"open","ping_status":"closed","template":"","meta":{"_exactmetrics_skip_tracking":false,"_exactmetrics_sitenote_active":false,"_exactmetrics_sitenote_note":"","_exactmetrics_sitenote_category":0,"footnotes":""},"class_list":["post-10661","page","type-page","status-publish","hentry"],"_links":{"self":[{"href":"https:\/\/www.zaberscompetition.lv\/en\/wp-json\/wp\/v2\/pages\/10661","targetHints":{"allow":["GET"]}}],"collection":[{"href":"https:\/\/www.zaberscompetition.lv\/en\/wp-json\/wp\/v2\/pages"}],"about":[{"href":"https:\/\/www.zaberscompetition.lv\/en\/wp-json\/wp\/v2\/types\/page"}],"author":[{"embeddable":true,"href":"https:\/\/www.zaberscompetition.lv\/en\/wp-json\/wp\/v2\/users\/7"}],"replies":[{"embeddable":true,"href":"https:\/\/www.zaberscompetition.lv\/en\/wp-json\/wp\/v2\/comments?post=10661"}],"version-history":[{"count":6,"href":"https:\/\/www.zaberscompetition.lv\/en\/wp-json\/wp\/v2\/pages\/10661\/revisions"}],"predecessor-version":[{"id":10862,"href":"https:\/\/www.zaberscompetition.lv\/en\/wp-json\/wp\/v2\/pages\/10661\/revisions\/10862"}],"wp:attachment":[{"href":"https:\/\/www.zaberscompetition.lv\/en\/wp-json\/wp\/v2\/media?parent=10661"}],"curies":[{"name":"wp","href":"https:\/\/api.w.org\/{rel}","templated":true}]}}